{"id":219,"date":"2025-11-17T06:43:27","date_gmt":"2025-11-17T06:43:27","guid":{"rendered":"https:\/\/aurel-sweet.com\/index.php\/panier\/"},"modified":"2026-02-12T09:39:59","modified_gmt":"2026-02-12T09:39:59","slug":"panier","status":"publish","type":"page","link":"https:\/\/aurel-sweet.com\/index.php\/panier\/","title":{"rendered":"Panier"},"content":{"rendered":"\n[et_pb_section fb_built=\u00a0\u00bb1&Prime; admin_label=\u00a0\u00bbsection\u00a0\u00bb _builder_version=\u00a0\u00bb4.16&Prime; global_colors_info=\u00a0\u00bb{}\u00a0\u00bb][et_pb_row column_structure=\u00a0\u00bb3_4,1_4&Prime; _builder_version=\u00a0\u00bb4.27.4&Prime; _module_preset=\u00a0\u00bbdefault\u00a0\u00bb width=\u00a0\u00bb94%\u00a0\u00bb max_width=\u00a0\u00bb1463px\u00a0\u00bb global_colors_info=\u00a0\u00bb{}\u00a0\u00bb][et_pb_column type=\u00a0\u00bb3_4&Prime; _builder_version=\u00a0\u00bb4.27.4&Prime; _module_preset=\u00a0\u00bbdefault\u00a0\u00bb global_colors_info=\u00a0\u00bb{}\u00a0\u00bb][et_pb_text _builder_version=\u00a0\u00bb4.27.4&Prime; _module_preset=\u00a0\u00bbdefault\u00a0\u00bb global_colors_info=\u00a0\u00bb{}\u00a0\u00bb]<h2>Panier<\/h2>[\/et_pb_text][et_pb_wc_cart_products _builder_version=\u00a0\u00bb4.27.4&Prime; _module_preset=\u00a0\u00bbdefault\u00a0\u00bb global_colors_info=\u00a0\u00bb{}\u00a0\u00bb][\/et_pb_wc_cart_products][et_pb_wc_cart_totals _builder_version=\u00a0\u00bb4.27.4&Prime; _module_preset=\u00a0\u00bbdefault\u00a0\u00bb hover_enabled=\u00a0\u00bb0&Prime; sticky_enabled=\u00a0\u00bb0&Prime; custom_button=\u00a0\u00bbon\u00a0\u00bb global_colors_info=\u00a0\u00bb{%22gcid-c485a9cc-38aa-465f-b189-2eebd9a2cbc7%22:%91%22button_bg_color%22%93}\u00a0\u00bb button_bg_color=\u00a0\u00bbgcid-c485a9cc-38aa-465f-b189-2eebd9a2cbc7&Prime; button_bg_enable_color=\u00a0\u00bbon\u00a0\u00bb button_text_color=\u00a0\u00bb#FFFFFF\u00a0\u00bb button_border_width=\u00a0\u00bb0px\u00a0\u00bb button_text_color__hover_enabled=\u00a0\u00bbon|hover\u00a0\u00bb button_text_color__hover=\u00a0\u00bb#FFFFFF\u00a0\u00bb][\/et_pb_wc_cart_totals][et_pb_social_media_follow icon_color=\u00a0\u00bb#FFFFFF\u00a0\u00bb use_icon_font_size=\u00a0\u00bbon\u00a0\u00bb icon_font_size=\u00a0\u00bb18px\u00a0\u00bb _builder_version=\u00a0\u00bb4.27.4&Prime; _module_preset=\u00a0\u00bbdefault\u00a0\u00bb z_index=\u00a0\u00bb500&Prime; text_orientation=\u00a0\u00bbleft\u00a0\u00bb custom_padding=\u00a0\u00bb|||2px||\u00a0\u00bb animation_style=\u00a0\u00bbfold\u00a0\u00bb hover_enabled=\u00a0\u00bb0&Prime; global_colors_info=\u00a0\u00bb{}\u00a0\u00bb theme_builder_area=\u00a0\u00bbet_header_layout\u00a0\u00bb sticky_enabled=\u00a0\u00bb0&Prime;][et_pb_social_media_follow_network social_network=\u00a0\u00bbfacebook\u00a0\u00bb url=\u00a0\u00bbhttps:\/\/www.facebook.com\/profile.php?id=61583347225377#\u00a0\u00bb _builder_version=\u00a0\u00bb4.27.4&Prime; _module_preset=\u00a0\u00bbdefault\u00a0\u00bb background_color=\u00a0\u00bbgcid-955e3f05-beb9-4be6-aa90-497ffad86f90&Prime; background_enable_color=\u00a0\u00bbon\u00a0\u00bb hover_enabled=\u00a0\u00bb0&Prime; global_colors_info=\u00a0\u00bb{%22gcid-955e3f05-beb9-4be6-aa90-497ffad86f90%22:%91%22background_color%22%93}\u00a0\u00bb theme_builder_area=\u00a0\u00bbet_header_layout\u00a0\u00bb follow_button=\u00a0\u00bboff\u00a0\u00bb url_new_window=\u00a0\u00bbon\u00a0\u00bb sticky_enabled=\u00a0\u00bb0&Prime;]facebook[\/et_pb_social_media_follow_network][et_pb_social_media_follow_network social_network=\u00a0\u00bbinstagram\u00a0\u00bb url=\u00a0\u00bbhttps:\/\/www.instagram.com\/aurelsweet.pastry\/\u00a0\u00bb _builder_version=\u00a0\u00bb4.27.4&Prime; _module_preset=\u00a0\u00bbdefault\u00a0\u00bb background_color=\u00a0\u00bbgcid-955e3f05-beb9-4be6-aa90-497ffad86f90&Prime; background_enable_color=\u00a0\u00bbon\u00a0\u00bb hover_enabled=\u00a0\u00bb0&Prime; global_colors_info=\u00a0\u00bb{%22gcid-955e3f05-beb9-4be6-aa90-497ffad86f90%22:%91%22background_color%22%93}\u00a0\u00bb theme_builder_area=\u00a0\u00bbet_header_layout\u00a0\u00bb follow_button=\u00a0\u00bboff\u00a0\u00bb url_new_window=\u00a0\u00bbon\u00a0\u00bb sticky_enabled=\u00a0\u00bb0&Prime;]instagram[\/et_pb_social_media_follow_network][\/et_pb_social_media_follow][\/et_pb_column][et_pb_column type=\u00a0\u00bb1_4&Prime; _builder_version=\u00a0\u00bb4.27.4&Prime; _module_preset=\u00a0\u00bbdefault\u00a0\u00bb global_colors_info=\u00a0\u00bb{}\u00a0\u00bb][et_pb_sidebar _builder_version=\u00a0\u00bb4.27.4&Prime; _module_preset=\u00a0\u00bbdefault\u00a0\u00bb body_text_color=\u00a0\u00bbgcid-c485a9cc-38aa-465f-b189-2eebd9a2cbc7&Prime; global_colors_info=\u00a0\u00bb{%22gcid-c485a9cc-38aa-465f-b189-2eebd9a2cbc7%22:%91%22body_text_color%22%93}\u00a0\u00bb][\/et_pb_sidebar][\/et_pb_column][\/et_pb_row][\/et_pb_section]\n","protected":false},"excerpt":{"rendered":"<p>Panier<\/p>\n","protected":false},"author":1,"featured_media":0,"parent":0,"menu_order":0,"comment_status":"closed","ping_status":"closed","template":"","meta":{"_acf_changed":false,"_et_pb_use_builder":"on","_et_pb_old_content":"<!-- wp:woocommerce\/cart -->\n<div class=\"wp-block-woocommerce-cart alignwide is-loading\"><!-- wp:woocommerce\/filled-cart-block -->\n<div class=\"wp-block-woocommerce-filled-cart-block\"><!-- wp:woocommerce\/cart-items-block -->\n<div class=\"wp-block-woocommerce-cart-items-block\"><!-- wp:woocommerce\/cart-line-items-block -->\n<div class=\"wp-block-woocommerce-cart-line-items-block\"><\/div>\n<!-- \/wp:woocommerce\/cart-line-items-block -->\n\n<!-- wp:woocommerce\/product-collection {\"queryId\":0,\"query\":{\"perPage\":3,\"pages\":1,\"offset\":0,\"postType\":\"product\",\"order\":\"asc\",\"orderBy\":\"title\",\"search\":\"\",\"exclude\":[],\"inherit\":false,\"taxQuery\":{},\"isProductCollectionBlock\":true,\"featured\":false,\"woocommerceOnSale\":false,\"woocommerceStockStatus\":[\"instock\",\"outofstock\",\"onbackorder\"],\"woocommerceAttributes\":[],\"woocommerceHandPickedProducts\":[],\"filterable\":false,\"relatedBy\":{\"categories\":true,\"tags\":true}},\"tagName\":\"div\",\"displayLayout\":{\"type\":\"flex\",\"columns\":3,\"shrinkColumns\":true},\"dimensions\":{\"widthType\":\"fill\"},\"collection\":\"woocommerce\/product-collection\/cross-sells\",\"hideControls\":[\"filterable\"],\"queryContextIncludes\":[\"collection\"],\"__privatePreviewState\":{\"isPreview\":true,\"previewMessage\":\"Actual products will vary depending on the page being viewed.\"}} -->\n<div class=\"wp-block-woocommerce-product-collection\"><!-- wp:heading {\"textAlign\":\"left\",\"style\":{\"spacing\":{\"margin\":{\"bottom\":\"1rem\"}}}} -->\n<h2 class=\"wp-block-heading has-text-align-left\" style=\"margin-bottom:1rem\">Vous serez peut-\u00eatre int\u00e9ress\u00e9 par&hellip;<\/h2>\n\n<!-- \/wp:heading -->\n\n<!-- wp:woocommerce\/product-template -->\n<!-- wp:woocommerce\/product-image {\"showSaleBadge\":false,\"imageSizing\":\"thumbnail\",\"isDescendentOfQueryLoop\":true} -->\n<!-- wp:woocommerce\/product-sale-badge {\"align\":\"right\"} \/-->\n<!-- \/wp:woocommerce\/product-image -->\n\n<!-- wp:post-title {\"textAlign\":\"center\",\"isLink\":true,\"style\":{\"spacing\":{\"margin\":{\"bottom\":\"0.75rem\",\"top\":\"0\"}},\"typography\":{\"lineHeight\":\"1.4\"}},\"fontSize\":\"medium\",\"__woocommerceNamespace\":\"woocommerce\/product-collection\/product-title\"} \/-->\n\n<!-- wp:woocommerce\/product-price {\"isDescendentOfQueryLoop\":true,\"textAlign\":\"center\",\"fontSize\":\"small\"} \/-->\n\n<!-- wp:woocommerce\/product-button {\"textAlign\":\"center\",\"isDescendentOfQueryLoop\":true,\"fontSize\":\"small\"} \/-->\n<!-- \/wp:woocommerce\/product-template --><\/div>\n<!-- \/wp:woocommerce\/product-collection --><\/div>\n\n<!-- \/wp:woocommerce\/cart-items-block -->\n\n<!-- wp:woocommerce\/cart-totals-block -->\n<div class=\"wp-block-woocommerce-cart-totals-block\"><!-- wp:woocommerce\/cart-order-summary-block -->\n<div class=\"wp-block-woocommerce-cart-order-summary-block\"><!-- wp:woocommerce\/cart-order-summary-heading-block -->\n<div class=\"wp-block-woocommerce-cart-order-summary-heading-block\"><\/div>\n<!-- \/wp:woocommerce\/cart-order-summary-heading-block -->\n\n<!-- wp:woocommerce\/cart-order-summary-coupon-form-block -->\n<div class=\"wp-block-woocommerce-cart-order-summary-coupon-form-block\"><\/div>\n<!-- \/wp:woocommerce\/cart-order-summary-coupon-form-block -->\n\n<!-- wp:woocommerce\/cart-order-summary-subtotal-block -->\n<div class=\"wp-block-woocommerce-cart-order-summary-subtotal-block\"><\/div>\n<!-- \/wp:woocommerce\/cart-order-summary-subtotal-block -->\n\n<!-- wp:woocommerce\/cart-order-summary-fee-block -->\n<div class=\"wp-block-woocommerce-cart-order-summary-fee-block\"><\/div>\n<!-- \/wp:woocommerce\/cart-order-summary-fee-block -->\n\n<!-- wp:woocommerce\/cart-order-summary-discount-block -->\n<div class=\"wp-block-woocommerce-cart-order-summary-discount-block\"><\/div>\n<!-- \/wp:woocommerce\/cart-order-summary-discount-block -->\n\n<!-- wp:woocommerce\/cart-order-summary-shipping-block -->\n<div class=\"wp-block-woocommerce-cart-order-summary-shipping-block\"><\/div>\n<!-- \/wp:woocommerce\/cart-order-summary-shipping-block -->\n\n<!-- wp:woocommerce\/cart-order-summary-taxes-block -->\n<div class=\"wp-block-woocommerce-cart-order-summary-taxes-block\"><\/div>\n<!-- \/wp:woocommerce\/cart-order-summary-taxes-block --><\/div>\n<!-- \/wp:woocommerce\/cart-order-summary-block -->\n\n<!-- wp:woocommerce\/cart-express-payment-block -->\n<div class=\"wp-block-woocommerce-cart-express-payment-block\"><\/div>\n<!-- \/wp:woocommerce\/cart-express-payment-block -->\n\n<!-- wp:woocommerce\/proceed-to-checkout-block -->\n<div class=\"wp-block-woocommerce-proceed-to-checkout-block\"><\/div>\n<!-- \/wp:woocommerce\/proceed-to-checkout-block -->\n\n<!-- wp:woocommerce\/cart-accepted-payment-methods-block -->\n<div class=\"wp-block-woocommerce-cart-accepted-payment-methods-block\"><\/div>\n<!-- \/wp:woocommerce\/cart-accepted-payment-methods-block --><\/div>\n<!-- \/wp:woocommerce\/cart-totals-block --><\/div>\n<!-- \/wp:woocommerce\/filled-cart-block -->\n\n<!-- wp:woocommerce\/empty-cart-block -->\n<div class=\"wp-block-woocommerce-empty-cart-block\"><!-- wp:heading {\"textAlign\":\"center\",\"className\":\"with-empty-cart-icon wc-block-cart__empty-cart__title\"} -->\n<h2 class=\"wp-block-heading has-text-align-center with-empty-cart-icon wc-block-cart__empty-cart__title\">Votre panier est actuellement vide\u00a0!<\/h2>\n<!-- \/wp:heading -->\n\n<!-- wp:separator {\"className\":\"is-style-dots\"} -->\n<hr class=\"wp-block-separator has-alpha-channel-opacity is-style-dots\"\/>\n<!-- \/wp:separator -->\n\n<!-- wp:heading {\"textAlign\":\"center\"} -->\n<h2 class=\"wp-block-heading has-text-align-center\">Nouveau dans la boutique<\/h2>\n<!-- \/wp:heading -->\n\n<!-- wp:woocommerce\/product-new {\"columns\":4,\"rows\":1} \/--><\/div>\n<!-- \/wp:woocommerce\/empty-cart-block --><\/div>\n<!-- \/wp:woocommerce\/cart -->","_et_gb_content_width":"","footnotes":""},"class_list":["post-219","page","type-page","status-publish","hentry"],"acf":[],"yoast_head":"<!-- This site is optimized with the Yoast SEO plugin v27.4 - https:\/\/yoast.com\/product\/yoast-seo-wordpress\/ -->\n<title>Panier - Aurel Sweet - Patisserie sur mesure<\/title>\n<meta name=\"robots\" content=\"noindex, nofollow\" \/>\n<meta property=\"og:locale\" content=\"fr_FR\" \/>\n<meta property=\"og:type\" content=\"article\" \/>\n<meta property=\"og:title\" content=\"Panier - Aurel Sweet - Patisserie sur mesure\" \/>\n<meta property=\"og:description\" content=\"Panier\" \/>\n<meta property=\"og:url\" content=\"https:\/\/aurel-sweet.com\/index.php\/panier\/\" \/>\n<meta property=\"og:site_name\" content=\"Aurel Sweet - Patisserie sur mesure\" \/>\n<meta property=\"article:modified_time\" content=\"2026-02-12T09:39:59+00:00\" \/>\n<meta name=\"twitter:card\" content=\"summary_large_image\" \/>\n<meta name=\"twitter:label1\" content=\"Dur\u00e9e de lecture estim\u00e9e\" \/>\n\t<meta name=\"twitter:data1\" content=\"1 minute\" \/>\n<script type=\"application\/ld+json\" class=\"yoast-schema-graph\">{\"@context\":\"https:\\\/\\\/schema.org\",\"@graph\":[{\"@type\":\"WebPage\",\"@id\":\"https:\\\/\\\/aurel-sweet.com\\\/index.php\\\/panier\\\/\",\"url\":\"https:\\\/\\\/aurel-sweet.com\\\/index.php\\\/panier\\\/\",\"name\":\"Panier - Aurel Sweet - Patisserie sur mesure\",\"isPartOf\":{\"@id\":\"https:\\\/\\\/aurel-sweet.com\\\/#website\"},\"datePublished\":\"2025-11-17T06:43:27+00:00\",\"dateModified\":\"2026-02-12T09:39:59+00:00\",\"breadcrumb\":{\"@id\":\"https:\\\/\\\/aurel-sweet.com\\\/index.php\\\/panier\\\/#breadcrumb\"},\"inLanguage\":\"fr-FR\",\"potentialAction\":[{\"@type\":\"ReadAction\",\"target\":[\"https:\\\/\\\/aurel-sweet.com\\\/index.php\\\/panier\\\/\"]}]},{\"@type\":\"BreadcrumbList\",\"@id\":\"https:\\\/\\\/aurel-sweet.com\\\/index.php\\\/panier\\\/#breadcrumb\",\"itemListElement\":[{\"@type\":\"ListItem\",\"position\":1,\"name\":\"Accueil\",\"item\":\"https:\\\/\\\/aurel-sweet.com\\\/\"},{\"@type\":\"ListItem\",\"position\":2,\"name\":\"Panier\"}]},{\"@type\":\"WebSite\",\"@id\":\"https:\\\/\\\/aurel-sweet.com\\\/#website\",\"url\":\"https:\\\/\\\/aurel-sweet.com\\\/\",\"name\":\"Aurel Sweet\",\"description\":\"Lorsque l&#039;exigence se marie avec la gourmandise \u00e0 la Fran\u00e7aise\",\"publisher\":{\"@id\":\"https:\\\/\\\/aurel-sweet.com\\\/#organization\"},\"potentialAction\":[{\"@type\":\"SearchAction\",\"target\":{\"@type\":\"EntryPoint\",\"urlTemplate\":\"https:\\\/\\\/aurel-sweet.com\\\/?s={search_term_string}\"},\"query-input\":{\"@type\":\"PropertyValueSpecification\",\"valueRequired\":true,\"valueName\":\"search_term_string\"}}],\"inLanguage\":\"fr-FR\"},{\"@type\":\"Organization\",\"@id\":\"https:\\\/\\\/aurel-sweet.com\\\/#organization\",\"name\":\"Aurel Sweet\",\"url\":\"https:\\\/\\\/aurel-sweet.com\\\/\",\"logo\":{\"@type\":\"ImageObject\",\"inLanguage\":\"fr-FR\",\"@id\":\"https:\\\/\\\/aurel-sweet.com\\\/#\\\/schema\\\/logo\\\/image\\\/\",\"url\":\"https:\\\/\\\/aurel-sweet.com\\\/wp-content\\\/uploads\\\/2025\\\/09\\\/favicon-bordeaux.webp\",\"contentUrl\":\"https:\\\/\\\/aurel-sweet.com\\\/wp-content\\\/uploads\\\/2025\\\/09\\\/favicon-bordeaux.webp\",\"width\":500,\"height\":500,\"caption\":\"Aurel Sweet\"},\"image\":{\"@id\":\"https:\\\/\\\/aurel-sweet.com\\\/#\\\/schema\\\/logo\\\/image\\\/\"}}]}<\/script>\n<!-- \/ Yoast SEO plugin. -->","yoast_head_json":{"title":"Panier - Aurel Sweet - Patisserie sur mesure","robots":{"index":"noindex","follow":"nofollow"},"og_locale":"fr_FR","og_type":"article","og_title":"Panier - Aurel Sweet - Patisserie sur mesure","og_description":"Panier","og_url":"https:\/\/aurel-sweet.com\/index.php\/panier\/","og_site_name":"Aurel Sweet - Patisserie sur mesure","article_modified_time":"2026-02-12T09:39:59+00:00","twitter_card":"summary_large_image","twitter_misc":{"Dur\u00e9e de lecture estim\u00e9e":"1 minute"},"schema":{"@context":"https:\/\/schema.org","@graph":[{"@type":"WebPage","@id":"https:\/\/aurel-sweet.com\/index.php\/panier\/","url":"https:\/\/aurel-sweet.com\/index.php\/panier\/","name":"Panier - Aurel Sweet - Patisserie sur mesure","isPartOf":{"@id":"https:\/\/aurel-sweet.com\/#website"},"datePublished":"2025-11-17T06:43:27+00:00","dateModified":"2026-02-12T09:39:59+00:00","breadcrumb":{"@id":"https:\/\/aurel-sweet.com\/index.php\/panier\/#breadcrumb"},"inLanguage":"fr-FR","potentialAction":[{"@type":"ReadAction","target":["https:\/\/aurel-sweet.com\/index.php\/panier\/"]}]},{"@type":"BreadcrumbList","@id":"https:\/\/aurel-sweet.com\/index.php\/panier\/#breadcrumb","itemListElement":[{"@type":"ListItem","position":1,"name":"Accueil","item":"https:\/\/aurel-sweet.com\/"},{"@type":"ListItem","position":2,"name":"Panier"}]},{"@type":"WebSite","@id":"https:\/\/aurel-sweet.com\/#website","url":"https:\/\/aurel-sweet.com\/","name":"Aurel Sweet","description":"Lorsque l&#039;exigence se marie avec la gourmandise \u00e0 la Fran\u00e7aise","publisher":{"@id":"https:\/\/aurel-sweet.com\/#organization"},"potentialAction":[{"@type":"SearchAction","target":{"@type":"EntryPoint","urlTemplate":"https:\/\/aurel-sweet.com\/?s={search_term_string}"},"query-input":{"@type":"PropertyValueSpecification","valueRequired":true,"valueName":"search_term_string"}}],"inLanguage":"fr-FR"},{"@type":"Organization","@id":"https:\/\/aurel-sweet.com\/#organization","name":"Aurel Sweet","url":"https:\/\/aurel-sweet.com\/","logo":{"@type":"ImageObject","inLanguage":"fr-FR","@id":"https:\/\/aurel-sweet.com\/#\/schema\/logo\/image\/","url":"https:\/\/aurel-sweet.com\/wp-content\/uploads\/2025\/09\/favicon-bordeaux.webp","contentUrl":"https:\/\/aurel-sweet.com\/wp-content\/uploads\/2025\/09\/favicon-bordeaux.webp","width":500,"height":500,"caption":"Aurel Sweet"},"image":{"@id":"https:\/\/aurel-sweet.com\/#\/schema\/logo\/image\/"}}]}},"_links":{"self":[{"href":"https:\/\/aurel-sweet.com\/index.php\/wp-json\/wp\/v2\/pages\/219","targetHints":{"allow":["GET"]}}],"collection":[{"href":"https:\/\/aurel-sweet.com\/index.php\/wp-json\/wp\/v2\/pages"}],"about":[{"href":"https:\/\/aurel-sweet.com\/index.php\/wp-json\/wp\/v2\/types\/page"}],"author":[{"embeddable":true,"href":"https:\/\/aurel-sweet.com\/index.php\/wp-json\/wp\/v2\/users\/1"}],"replies":[{"embeddable":true,"href":"https:\/\/aurel-sweet.com\/index.php\/wp-json\/wp\/v2\/comments?post=219"}],"version-history":[{"count":1,"href":"https:\/\/aurel-sweet.com\/index.php\/wp-json\/wp\/v2\/pages\/219\/revisions"}],"predecessor-version":[{"id":1221,"href":"https:\/\/aurel-sweet.com\/index.php\/wp-json\/wp\/v2\/pages\/219\/revisions\/1221"}],"wp:attachment":[{"href":"https:\/\/aurel-sweet.com\/index.php\/wp-json\/wp\/v2\/media?parent=219"}],"curies":[{"name":"wp","href":"https:\/\/api.w.org\/{rel}","templated":true}]}}