{"id":1225,"date":"2026-03-02T19:14:52","date_gmt":"2026-03-02T19:14:52","guid":{"rendered":"https:\/\/aurel-sweet.com\/?post_type=product&#038;p=1225"},"modified":"2026-03-20T06:31:30","modified_gmt":"2026-03-20T06:31:30","slug":"rosace-framboise-6-parts","status":"publish","type":"product","link":"https:\/\/aurel-sweet.com\/index.php\/produit\/rosace-framboise-6-parts\/","title":{"rendered":"Rosace Framboise 6 parts"},"content":{"rendered":"<p>D\u00e9couvrez notre nouvelle cr\u00e9ation exclusive, imagin\u00e9e autour de ce fruit d\u00e9licat et intens\u00e9ment parfum\u00e9.<\/p>\n<p>Tout commence par un fond de tarte croustillant, garni d\u2019une cr\u00e8me d\u2019amande onctueuse et de g\u00e9n\u00e9reux morceaux de framboises.<\/p>\n<p>Je pr\u00e9pare ensuite un confit maison, laiss\u00e9 au repos pour r\u00e9v\u00e9ler toute sa profondeur, puis d\u00e9licatement \u00e9tal\u00e9 afin d\u2019intensifier le go\u00fbt naturel du fruit.<\/p>\n<p>Un biscuit moelleux vient sublimer l\u2019ensemble. Il est d\u00e9licatement badigeonn\u00e9 au pinceau de pur\u00e9e de framboise, pour apporter une touche parfum\u00e9e tout en finesse.<\/p>\n<p>Je poche ensuite une ganache mont\u00e9e \u00e0 la vanille, p\u00e9tale apr\u00e8s p\u00e9tale, formant une rosace \u00e9l\u00e9gante et l\u00e9g\u00e8re.<\/p>\n<p>Au centre, des framboises fra\u00eeches garnies de confit viennent parfaire la cr\u00e9ation, pour une v\u00e9ritable explosion de saveurs en bouche.<\/p>\n<p>Une p\u00e2tisserie 100 % faite maison, \u00e9labor\u00e9e avec des ingr\u00e9dients soigneusement s\u00e9lectionn\u00e9s, sans sucre ajout\u00e9 et aux saveurs 100 % naturelles.<\/p>\n<p>Disponible d\u00e8s aujourd\u2019hui et jusqu\u2019\u00e0 fin octobre.<\/p>\n<p>Laissez-vous tenter par cette cr\u00e9ation de saison, et offrez-vous un moment de gourmandise tout en d\u00e9licatesse.<\/p>\n","protected":false},"excerpt":{"rendered":"<p>Fond de tarte croustillant, cr\u00e8me d\u2019amande, framboises fra\u00eeches, confit de framboise maison, biscuit moelleux imbib\u00e9 de pur\u00e9e de framboise, ganache mont\u00e9e \u00e0 la vanille.<\/p>\n<p>Sans sucre ajout\u00e9. 100 % fait maison.<\/p>\n","protected":false},"featured_media":1235,"comment_status":"open","ping_status":"closed","template":"","meta":{"_acf_changed":false,"_et_pb_use_builder":"","_et_pb_old_content":"","_et_gb_content_width":""},"product_brand":[],"product_cat":[84],"product_tag":[80,81,82,79,83],"class_list":{"0":"post-1225","1":"product","2":"type-product","3":"status-publish","4":"has-post-thumbnail","6":"product_cat-creations","7":"product_tag-biscuit-moelleux","8":"product_tag-confit-framboise","9":"product_tag-creme-damande","10":"product_tag-framboise","11":"product_tag-sable","13":"first","14":"instock","15":"shipping-taxable","16":"purchasable","17":"product-type-simple","18":"add-to-wishlist-before_add_to_cart"},"acf":[],"yoast_head":"<!-- This site is optimized with the Yoast SEO plugin v27.4 - https:\/\/yoast.com\/product\/yoast-seo-wordpress\/ -->\n<title>Rosace Framboise 6 parts - Aurel Sweet - Patisserie sur mesure<\/title>\n<meta name=\"robots\" content=\"index, follow, max-snippet:-1, max-image-preview:large, max-video-preview:-1\" \/>\n<link rel=\"canonical\" href=\"https:\/\/aurel-sweet.com\/index.php\/produit\/rosace-framboise-6-parts\/\" \/>\n<meta property=\"og:locale\" content=\"fr_FR\" \/>\n<meta property=\"og:type\" content=\"article\" \/>\n<meta property=\"og:title\" content=\"Rosace Framboise 6 parts - Aurel Sweet - Patisserie sur mesure\" \/>\n<meta property=\"og:description\" content=\"Fond de tarte croustillant, cr\u00e8me d\u2019amande, framboises fra\u00eeches, confit de framboise maison, biscuit moelleux imbib\u00e9 de pur\u00e9e de framboise, ganache mont\u00e9e \u00e0 la vanille.  Sans sucre ajout\u00e9. 100 % fait maison.\" \/>\n<meta property=\"og:url\" content=\"https:\/\/aurel-sweet.com\/index.php\/produit\/rosace-framboise-6-parts\/\" \/>\n<meta property=\"og:site_name\" content=\"Aurel Sweet - Patisserie sur mesure\" \/>\n<meta property=\"article:modified_time\" content=\"2026-03-20T06:31:30+00:00\" \/>\n<meta property=\"og:image\" content=\"https:\/\/aurel-sweet.com\/wp-content\/uploads\/2026\/03\/Tezza-1886-scaled.jpg\" \/>\n\t<meta property=\"og:image:width\" content=\"1920\" \/>\n\t<meta property=\"og:image:height\" content=\"2560\" \/>\n\t<meta property=\"og:image:type\" content=\"image\/jpeg\" \/>\n<meta name=\"twitter:card\" content=\"summary_large_image\" \/>\n<meta name=\"twitter:label1\" content=\"Dur\u00e9e de lecture estim\u00e9e\" \/>\n\t<meta name=\"twitter:data1\" content=\"2 minutes\" \/>\n<script type=\"application\/ld+json\" class=\"yoast-schema-graph\">{\"@context\":\"https:\\\/\\\/schema.org\",\"@graph\":[{\"@type\":\"WebPage\",\"@id\":\"https:\\\/\\\/aurel-sweet.com\\\/index.php\\\/produit\\\/rosace-framboise-6-parts\\\/\",\"url\":\"https:\\\/\\\/aurel-sweet.com\\\/index.php\\\/produit\\\/rosace-framboise-6-parts\\\/\",\"name\":\"Rosace Framboise 6 parts - Aurel Sweet - Patisserie sur mesure\",\"isPartOf\":{\"@id\":\"https:\\\/\\\/aurel-sweet.com\\\/#website\"},\"primaryImageOfPage\":{\"@id\":\"https:\\\/\\\/aurel-sweet.com\\\/index.php\\\/produit\\\/rosace-framboise-6-parts\\\/#primaryimage\"},\"image\":{\"@id\":\"https:\\\/\\\/aurel-sweet.com\\\/index.php\\\/produit\\\/rosace-framboise-6-parts\\\/#primaryimage\"},\"thumbnailUrl\":\"https:\\\/\\\/aurel-sweet.com\\\/wp-content\\\/uploads\\\/2026\\\/03\\\/Tezza-1886-scaled.jpg\",\"datePublished\":\"2026-03-02T19:14:52+00:00\",\"dateModified\":\"2026-03-20T06:31:30+00:00\",\"breadcrumb\":{\"@id\":\"https:\\\/\\\/aurel-sweet.com\\\/index.php\\\/produit\\\/rosace-framboise-6-parts\\\/#breadcrumb\"},\"inLanguage\":\"fr-FR\",\"potentialAction\":[{\"@type\":\"ReadAction\",\"target\":[\"https:\\\/\\\/aurel-sweet.com\\\/index.php\\\/produit\\\/rosace-framboise-6-parts\\\/\"]}]},{\"@type\":\"ImageObject\",\"inLanguage\":\"fr-FR\",\"@id\":\"https:\\\/\\\/aurel-sweet.com\\\/index.php\\\/produit\\\/rosace-framboise-6-parts\\\/#primaryimage\",\"url\":\"https:\\\/\\\/aurel-sweet.com\\\/wp-content\\\/uploads\\\/2026\\\/03\\\/Tezza-1886-scaled.jpg\",\"contentUrl\":\"https:\\\/\\\/aurel-sweet.com\\\/wp-content\\\/uploads\\\/2026\\\/03\\\/Tezza-1886-scaled.jpg\",\"width\":1920,\"height\":2560,\"caption\":\"Edited in Tezza with: SONG, Contrast, Brightness, &amp; Temperature\"},{\"@type\":\"BreadcrumbList\",\"@id\":\"https:\\\/\\\/aurel-sweet.com\\\/index.php\\\/produit\\\/rosace-framboise-6-parts\\\/#breadcrumb\",\"itemListElement\":[{\"@type\":\"ListItem\",\"position\":1,\"name\":\"Accueil\",\"item\":\"https:\\\/\\\/aurel-sweet.com\\\/\"},{\"@type\":\"ListItem\",\"position\":2,\"name\":\"La carte\",\"item\":\"https:\\\/\\\/aurel-sweet.com\\\/index.php\\\/la-carte\\\/\"},{\"@type\":\"ListItem\",\"position\":3,\"name\":\"Rosace Framboise 6 parts\"}]},{\"@type\":\"WebSite\",\"@id\":\"https:\\\/\\\/aurel-sweet.com\\\/#website\",\"url\":\"https:\\\/\\\/aurel-sweet.com\\\/\",\"name\":\"Aurel Sweet\",\"description\":\"Lorsque l&#039;exigence se marie avec la gourmandise \u00e0 la Fran\u00e7aise\",\"publisher\":{\"@id\":\"https:\\\/\\\/aurel-sweet.com\\\/#organization\"},\"potentialAction\":[{\"@type\":\"SearchAction\",\"target\":{\"@type\":\"EntryPoint\",\"urlTemplate\":\"https:\\\/\\\/aurel-sweet.com\\\/?s={search_term_string}\"},\"query-input\":{\"@type\":\"PropertyValueSpecification\",\"valueRequired\":true,\"valueName\":\"search_term_string\"}}],\"inLanguage\":\"fr-FR\"},{\"@type\":\"Organization\",\"@id\":\"https:\\\/\\\/aurel-sweet.com\\\/#organization\",\"name\":\"Aurel Sweet\",\"url\":\"https:\\\/\\\/aurel-sweet.com\\\/\",\"logo\":{\"@type\":\"ImageObject\",\"inLanguage\":\"fr-FR\",\"@id\":\"https:\\\/\\\/aurel-sweet.com\\\/#\\\/schema\\\/logo\\\/image\\\/\",\"url\":\"https:\\\/\\\/aurel-sweet.com\\\/wp-content\\\/uploads\\\/2025\\\/09\\\/favicon-bordeaux.webp\",\"contentUrl\":\"https:\\\/\\\/aurel-sweet.com\\\/wp-content\\\/uploads\\\/2025\\\/09\\\/favicon-bordeaux.webp\",\"width\":500,\"height\":500,\"caption\":\"Aurel Sweet\"},\"image\":{\"@id\":\"https:\\\/\\\/aurel-sweet.com\\\/#\\\/schema\\\/logo\\\/image\\\/\"}}]}<\/script>\n<!-- \/ Yoast SEO plugin. -->","yoast_head_json":{"title":"Rosace Framboise 6 parts - Aurel Sweet - Patisserie sur mesure","robots":{"index":"index","follow":"follow","max-snippet":"max-snippet:-1","max-image-preview":"max-image-preview:large","max-video-preview":"max-video-preview:-1"},"canonical":"https:\/\/aurel-sweet.com\/index.php\/produit\/rosace-framboise-6-parts\/","og_locale":"fr_FR","og_type":"article","og_title":"Rosace Framboise 6 parts - Aurel Sweet - Patisserie sur mesure","og_description":"Fond de tarte croustillant, cr\u00e8me d\u2019amande, framboises fra\u00eeches, confit de framboise maison, biscuit moelleux imbib\u00e9 de pur\u00e9e de framboise, ganache mont\u00e9e \u00e0 la vanille.  Sans sucre ajout\u00e9. 100 % fait maison.","og_url":"https:\/\/aurel-sweet.com\/index.php\/produit\/rosace-framboise-6-parts\/","og_site_name":"Aurel Sweet - Patisserie sur mesure","article_modified_time":"2026-03-20T06:31:30+00:00","og_image":[{"width":1920,"height":2560,"url":"https:\/\/aurel-sweet.com\/wp-content\/uploads\/2026\/03\/Tezza-1886-scaled.jpg","type":"image\/jpeg"}],"twitter_card":"summary_large_image","twitter_misc":{"Dur\u00e9e de lecture estim\u00e9e":"2 minutes"},"schema":{"@context":"https:\/\/schema.org","@graph":[{"@type":"WebPage","@id":"https:\/\/aurel-sweet.com\/index.php\/produit\/rosace-framboise-6-parts\/","url":"https:\/\/aurel-sweet.com\/index.php\/produit\/rosace-framboise-6-parts\/","name":"Rosace Framboise 6 parts - Aurel Sweet - Patisserie sur mesure","isPartOf":{"@id":"https:\/\/aurel-sweet.com\/#website"},"primaryImageOfPage":{"@id":"https:\/\/aurel-sweet.com\/index.php\/produit\/rosace-framboise-6-parts\/#primaryimage"},"image":{"@id":"https:\/\/aurel-sweet.com\/index.php\/produit\/rosace-framboise-6-parts\/#primaryimage"},"thumbnailUrl":"https:\/\/aurel-sweet.com\/wp-content\/uploads\/2026\/03\/Tezza-1886-scaled.jpg","datePublished":"2026-03-02T19:14:52+00:00","dateModified":"2026-03-20T06:31:30+00:00","breadcrumb":{"@id":"https:\/\/aurel-sweet.com\/index.php\/produit\/rosace-framboise-6-parts\/#breadcrumb"},"inLanguage":"fr-FR","potentialAction":[{"@type":"ReadAction","target":["https:\/\/aurel-sweet.com\/index.php\/produit\/rosace-framboise-6-parts\/"]}]},{"@type":"ImageObject","inLanguage":"fr-FR","@id":"https:\/\/aurel-sweet.com\/index.php\/produit\/rosace-framboise-6-parts\/#primaryimage","url":"https:\/\/aurel-sweet.com\/wp-content\/uploads\/2026\/03\/Tezza-1886-scaled.jpg","contentUrl":"https:\/\/aurel-sweet.com\/wp-content\/uploads\/2026\/03\/Tezza-1886-scaled.jpg","width":1920,"height":2560,"caption":"Edited in Tezza with: SONG, Contrast, Brightness, &amp; Temperature"},{"@type":"BreadcrumbList","@id":"https:\/\/aurel-sweet.com\/index.php\/produit\/rosace-framboise-6-parts\/#breadcrumb","itemListElement":[{"@type":"ListItem","position":1,"name":"Accueil","item":"https:\/\/aurel-sweet.com\/"},{"@type":"ListItem","position":2,"name":"La carte","item":"https:\/\/aurel-sweet.com\/index.php\/la-carte\/"},{"@type":"ListItem","position":3,"name":"Rosace Framboise 6 parts"}]},{"@type":"WebSite","@id":"https:\/\/aurel-sweet.com\/#website","url":"https:\/\/aurel-sweet.com\/","name":"Aurel Sweet","description":"Lorsque l&#039;exigence se marie avec la gourmandise \u00e0 la Fran\u00e7aise","publisher":{"@id":"https:\/\/aurel-sweet.com\/#organization"},"potentialAction":[{"@type":"SearchAction","target":{"@type":"EntryPoint","urlTemplate":"https:\/\/aurel-sweet.com\/?s={search_term_string}"},"query-input":{"@type":"PropertyValueSpecification","valueRequired":true,"valueName":"search_term_string"}}],"inLanguage":"fr-FR"},{"@type":"Organization","@id":"https:\/\/aurel-sweet.com\/#organization","name":"Aurel Sweet","url":"https:\/\/aurel-sweet.com\/","logo":{"@type":"ImageObject","inLanguage":"fr-FR","@id":"https:\/\/aurel-sweet.com\/#\/schema\/logo\/image\/","url":"https:\/\/aurel-sweet.com\/wp-content\/uploads\/2025\/09\/favicon-bordeaux.webp","contentUrl":"https:\/\/aurel-sweet.com\/wp-content\/uploads\/2025\/09\/favicon-bordeaux.webp","width":500,"height":500,"caption":"Aurel Sweet"},"image":{"@id":"https:\/\/aurel-sweet.com\/#\/schema\/logo\/image\/"}}]}},"_links":{"self":[{"href":"https:\/\/aurel-sweet.com\/index.php\/wp-json\/wp\/v2\/product\/1225","targetHints":{"allow":["GET"]}}],"collection":[{"href":"https:\/\/aurel-sweet.com\/index.php\/wp-json\/wp\/v2\/product"}],"about":[{"href":"https:\/\/aurel-sweet.com\/index.php\/wp-json\/wp\/v2\/types\/product"}],"replies":[{"embeddable":true,"href":"https:\/\/aurel-sweet.com\/index.php\/wp-json\/wp\/v2\/comments?post=1225"}],"wp:featuredmedia":[{"embeddable":true,"href":"https:\/\/aurel-sweet.com\/index.php\/wp-json\/wp\/v2\/media\/1235"}],"wp:attachment":[{"href":"https:\/\/aurel-sweet.com\/index.php\/wp-json\/wp\/v2\/media?parent=1225"}],"wp:term":[{"taxonomy":"product_brand","embeddable":true,"href":"https:\/\/aurel-sweet.com\/index.php\/wp-json\/wp\/v2\/product_brand?post=1225"},{"taxonomy":"product_cat","embeddable":true,"href":"https:\/\/aurel-sweet.com\/index.php\/wp-json\/wp\/v2\/product_cat?post=1225"},{"taxonomy":"product_tag","embeddable":true,"href":"https:\/\/aurel-sweet.com\/index.php\/wp-json\/wp\/v2\/product_tag?post=1225"}],"curies":[{"name":"wp","href":"https:\/\/api.w.org\/{rel}","templated":true}]}}