{"id":1238,"date":"2026-03-20T06:39:19","date_gmt":"2026-03-20T06:39:19","guid":{"rendered":"https:\/\/aurel-sweet.com\/?post_type=product&#038;p=1238"},"modified":"2026-03-20T06:44:03","modified_gmt":"2026-03-20T06:44:03","slug":"tarte-aux-fraises-revisitee-4-personnes","status":"publish","type":"product","link":"https:\/\/aurel-sweet.com\/index.php\/produit\/tarte-aux-fraises-revisitee-4-personnes\/","title":{"rendered":"Tarte aux fraises Revisit\u00e9e 4 parts"},"content":{"rendered":"<p>Le printemps fait son entr\u00e9e&#8230; et pour c\u00e9l\u00e9brer cette saison pleine de douceur, voici une tarte aux fraises revisit\u00e9e<\/p>\n<p>Un fond de p\u00e2te sucr\u00e9e croustillante, garni d&rsquo;une cr\u00e8me d&rsquo;amandes fondante et de morceaux de fraises.<\/p>\n<p>Sur le dessus, un gel de fraises maison vient apporter fra\u00eecheur et intensit\u00e9.<\/p>\n<p>On retrouve ensuite une d\u00e9licate cr\u00e8me \u00e0 la vanille, accompagn\u00e9e d&rsquo;une rosace de mousse \u00e0 la fraise, l\u00e9g\u00e8re et a\u00e9rienne.<\/p>\n<p>Au centre, des p\u00e9tales de fraises fraiches pour encore plus de gourmandise.<\/p>\n<p>Une cr\u00e9ation enti\u00e8rement faite maison, pleine de fra\u00eecheur et de saison.<\/p>\n","protected":false},"excerpt":{"rendered":"<p>Pour f\u00eater le printemps, ma tarte aux fraises revisit\u00e9e : p\u00e2te sucr\u00e9e, cr\u00e8me d\u2019amandes et morceaux de fraises, gel de fraises maison, cr\u00e8me vanille et mousse fraise.<\/p>\n<p>Au centre, des fraises fra\u00eeches et leurs p\u00e9tales, avec une touche de gel.<\/p>\n<p>Une cr\u00e9ation 100% faite maison<\/p>\n","protected":false},"featured_media":1239,"comment_status":"open","ping_status":"closed","template":"","meta":{"_acf_changed":false,"_et_pb_use_builder":"","_et_pb_old_content":"","_et_gb_content_width":""},"product_brand":[],"product_cat":[84],"product_tag":[85,86,90,89,88,87],"class_list":{"0":"post-1238","1":"product","2":"type-product","3":"status-publish","4":"has-post-thumbnail","6":"product_cat-creations","7":"product_tag-amande","8":"product_tag-fraise","9":"product_tag-gluten","10":"product_tag-lactose","11":"product_tag-mousse","12":"product_tag-tarte","14":"first","15":"instock","16":"shipping-taxable","17":"purchasable","18":"product-type-simple","19":"add-to-wishlist-before_add_to_cart"},"acf":[],"yoast_head":"<!-- This site is optimized with the Yoast SEO plugin v27.4 - https:\/\/yoast.com\/product\/yoast-seo-wordpress\/ -->\n<title>Tarte aux fraises Revisit\u00e9e 4 parts - Aurel Sweet - Patisserie sur mesure<\/title>\n<meta name=\"robots\" content=\"index, follow, max-snippet:-1, max-image-preview:large, max-video-preview:-1\" \/>\n<link rel=\"canonical\" href=\"https:\/\/aurel-sweet.com\/index.php\/produit\/tarte-aux-fraises-revisitee-4-personnes\/\" \/>\n<meta property=\"og:locale\" content=\"fr_FR\" \/>\n<meta property=\"og:type\" content=\"article\" \/>\n<meta property=\"og:title\" content=\"Tarte aux fraises Revisit\u00e9e 4 parts - Aurel Sweet - Patisserie sur mesure\" \/>\n<meta property=\"og:description\" content=\"Pour f\u00eater le printemps, ma tarte aux fraises revisit\u00e9e : p\u00e2te sucr\u00e9e, cr\u00e8me d\u2019amandes et morceaux de fraises, gel de fraises maison, cr\u00e8me vanille et mousse fraise.  Au centre, des fraises fra\u00eeches et leurs p\u00e9tales, avec une touche de gel.  Une cr\u00e9ation 100% faite maison\" \/>\n<meta property=\"og:url\" content=\"https:\/\/aurel-sweet.com\/index.php\/produit\/tarte-aux-fraises-revisitee-4-personnes\/\" \/>\n<meta property=\"og:site_name\" content=\"Aurel Sweet - Patisserie sur mesure\" \/>\n<meta property=\"article:modified_time\" content=\"2026-03-20T06:44:03+00:00\" \/>\n<meta property=\"og:image\" content=\"https:\/\/aurel-sweet.com\/wp-content\/uploads\/2026\/03\/Tezza-4339-scaled.jpg\" \/>\n\t<meta property=\"og:image:width\" content=\"1920\" \/>\n\t<meta property=\"og:image:height\" content=\"2560\" \/>\n\t<meta property=\"og:image:type\" content=\"image\/jpeg\" \/>\n<meta name=\"twitter:card\" content=\"summary_large_image\" \/>\n<meta name=\"twitter:label1\" content=\"Dur\u00e9e de lecture estim\u00e9e\" \/>\n\t<meta name=\"twitter:data1\" content=\"1 minute\" \/>\n<script type=\"application\/ld+json\" class=\"yoast-schema-graph\">{\"@context\":\"https:\\\/\\\/schema.org\",\"@graph\":[{\"@type\":\"WebPage\",\"@id\":\"https:\\\/\\\/aurel-sweet.com\\\/index.php\\\/produit\\\/tarte-aux-fraises-revisitee-4-personnes\\\/\",\"url\":\"https:\\\/\\\/aurel-sweet.com\\\/index.php\\\/produit\\\/tarte-aux-fraises-revisitee-4-personnes\\\/\",\"name\":\"Tarte aux fraises Revisit\u00e9e 4 parts - Aurel Sweet - Patisserie sur mesure\",\"isPartOf\":{\"@id\":\"https:\\\/\\\/aurel-sweet.com\\\/#website\"},\"primaryImageOfPage\":{\"@id\":\"https:\\\/\\\/aurel-sweet.com\\\/index.php\\\/produit\\\/tarte-aux-fraises-revisitee-4-personnes\\\/#primaryimage\"},\"image\":{\"@id\":\"https:\\\/\\\/aurel-sweet.com\\\/index.php\\\/produit\\\/tarte-aux-fraises-revisitee-4-personnes\\\/#primaryimage\"},\"thumbnailUrl\":\"https:\\\/\\\/aurel-sweet.com\\\/wp-content\\\/uploads\\\/2026\\\/03\\\/Tezza-4339-scaled.jpg\",\"datePublished\":\"2026-03-20T06:39:19+00:00\",\"dateModified\":\"2026-03-20T06:44:03+00:00\",\"breadcrumb\":{\"@id\":\"https:\\\/\\\/aurel-sweet.com\\\/index.php\\\/produit\\\/tarte-aux-fraises-revisitee-4-personnes\\\/#breadcrumb\"},\"inLanguage\":\"fr-FR\",\"potentialAction\":[{\"@type\":\"ReadAction\",\"target\":[\"https:\\\/\\\/aurel-sweet.com\\\/index.php\\\/produit\\\/tarte-aux-fraises-revisitee-4-personnes\\\/\"]}]},{\"@type\":\"ImageObject\",\"inLanguage\":\"fr-FR\",\"@id\":\"https:\\\/\\\/aurel-sweet.com\\\/index.php\\\/produit\\\/tarte-aux-fraises-revisitee-4-personnes\\\/#primaryimage\",\"url\":\"https:\\\/\\\/aurel-sweet.com\\\/wp-content\\\/uploads\\\/2026\\\/03\\\/Tezza-4339-scaled.jpg\",\"contentUrl\":\"https:\\\/\\\/aurel-sweet.com\\\/wp-content\\\/uploads\\\/2026\\\/03\\\/Tezza-4339-scaled.jpg\",\"width\":1920,\"height\":2560,\"caption\":\"Edited in Tezza with: SONG, Contrast, Brightness, &amp; Temperature\"},{\"@type\":\"BreadcrumbList\",\"@id\":\"https:\\\/\\\/aurel-sweet.com\\\/index.php\\\/produit\\\/tarte-aux-fraises-revisitee-4-personnes\\\/#breadcrumb\",\"itemListElement\":[{\"@type\":\"ListItem\",\"position\":1,\"name\":\"Accueil\",\"item\":\"https:\\\/\\\/aurel-sweet.com\\\/\"},{\"@type\":\"ListItem\",\"position\":2,\"name\":\"La carte\",\"item\":\"https:\\\/\\\/aurel-sweet.com\\\/index.php\\\/la-carte\\\/\"},{\"@type\":\"ListItem\",\"position\":3,\"name\":\"Tarte aux fraises Revisit\u00e9e 4 parts\"}]},{\"@type\":\"WebSite\",\"@id\":\"https:\\\/\\\/aurel-sweet.com\\\/#website\",\"url\":\"https:\\\/\\\/aurel-sweet.com\\\/\",\"name\":\"Aurel Sweet\",\"description\":\"Lorsque l&#039;exigence se marie avec la gourmandise \u00e0 la Fran\u00e7aise\",\"publisher\":{\"@id\":\"https:\\\/\\\/aurel-sweet.com\\\/#organization\"},\"potentialAction\":[{\"@type\":\"SearchAction\",\"target\":{\"@type\":\"EntryPoint\",\"urlTemplate\":\"https:\\\/\\\/aurel-sweet.com\\\/?s={search_term_string}\"},\"query-input\":{\"@type\":\"PropertyValueSpecification\",\"valueRequired\":true,\"valueName\":\"search_term_string\"}}],\"inLanguage\":\"fr-FR\"},{\"@type\":\"Organization\",\"@id\":\"https:\\\/\\\/aurel-sweet.com\\\/#organization\",\"name\":\"Aurel Sweet\",\"url\":\"https:\\\/\\\/aurel-sweet.com\\\/\",\"logo\":{\"@type\":\"ImageObject\",\"inLanguage\":\"fr-FR\",\"@id\":\"https:\\\/\\\/aurel-sweet.com\\\/#\\\/schema\\\/logo\\\/image\\\/\",\"url\":\"https:\\\/\\\/aurel-sweet.com\\\/wp-content\\\/uploads\\\/2025\\\/09\\\/favicon-bordeaux.webp\",\"contentUrl\":\"https:\\\/\\\/aurel-sweet.com\\\/wp-content\\\/uploads\\\/2025\\\/09\\\/favicon-bordeaux.webp\",\"width\":500,\"height\":500,\"caption\":\"Aurel Sweet\"},\"image\":{\"@id\":\"https:\\\/\\\/aurel-sweet.com\\\/#\\\/schema\\\/logo\\\/image\\\/\"}}]}<\/script>\n<!-- \/ Yoast SEO plugin. -->","yoast_head_json":{"title":"Tarte aux fraises Revisit\u00e9e 4 parts - Aurel Sweet - Patisserie sur mesure","robots":{"index":"index","follow":"follow","max-snippet":"max-snippet:-1","max-image-preview":"max-image-preview:large","max-video-preview":"max-video-preview:-1"},"canonical":"https:\/\/aurel-sweet.com\/index.php\/produit\/tarte-aux-fraises-revisitee-4-personnes\/","og_locale":"fr_FR","og_type":"article","og_title":"Tarte aux fraises Revisit\u00e9e 4 parts - Aurel Sweet - Patisserie sur mesure","og_description":"Pour f\u00eater le printemps, ma tarte aux fraises revisit\u00e9e : p\u00e2te sucr\u00e9e, cr\u00e8me d\u2019amandes et morceaux de fraises, gel de fraises maison, cr\u00e8me vanille et mousse fraise.  Au centre, des fraises fra\u00eeches et leurs p\u00e9tales, avec une touche de gel.  Une cr\u00e9ation 100% faite maison","og_url":"https:\/\/aurel-sweet.com\/index.php\/produit\/tarte-aux-fraises-revisitee-4-personnes\/","og_site_name":"Aurel Sweet - Patisserie sur mesure","article_modified_time":"2026-03-20T06:44:03+00:00","og_image":[{"width":1920,"height":2560,"url":"https:\/\/aurel-sweet.com\/wp-content\/uploads\/2026\/03\/Tezza-4339-scaled.jpg","type":"image\/jpeg"}],"twitter_card":"summary_large_image","twitter_misc":{"Dur\u00e9e de lecture estim\u00e9e":"1 minute"},"schema":{"@context":"https:\/\/schema.org","@graph":[{"@type":"WebPage","@id":"https:\/\/aurel-sweet.com\/index.php\/produit\/tarte-aux-fraises-revisitee-4-personnes\/","url":"https:\/\/aurel-sweet.com\/index.php\/produit\/tarte-aux-fraises-revisitee-4-personnes\/","name":"Tarte aux fraises Revisit\u00e9e 4 parts - Aurel Sweet - Patisserie sur mesure","isPartOf":{"@id":"https:\/\/aurel-sweet.com\/#website"},"primaryImageOfPage":{"@id":"https:\/\/aurel-sweet.com\/index.php\/produit\/tarte-aux-fraises-revisitee-4-personnes\/#primaryimage"},"image":{"@id":"https:\/\/aurel-sweet.com\/index.php\/produit\/tarte-aux-fraises-revisitee-4-personnes\/#primaryimage"},"thumbnailUrl":"https:\/\/aurel-sweet.com\/wp-content\/uploads\/2026\/03\/Tezza-4339-scaled.jpg","datePublished":"2026-03-20T06:39:19+00:00","dateModified":"2026-03-20T06:44:03+00:00","breadcrumb":{"@id":"https:\/\/aurel-sweet.com\/index.php\/produit\/tarte-aux-fraises-revisitee-4-personnes\/#breadcrumb"},"inLanguage":"fr-FR","potentialAction":[{"@type":"ReadAction","target":["https:\/\/aurel-sweet.com\/index.php\/produit\/tarte-aux-fraises-revisitee-4-personnes\/"]}]},{"@type":"ImageObject","inLanguage":"fr-FR","@id":"https:\/\/aurel-sweet.com\/index.php\/produit\/tarte-aux-fraises-revisitee-4-personnes\/#primaryimage","url":"https:\/\/aurel-sweet.com\/wp-content\/uploads\/2026\/03\/Tezza-4339-scaled.jpg","contentUrl":"https:\/\/aurel-sweet.com\/wp-content\/uploads\/2026\/03\/Tezza-4339-scaled.jpg","width":1920,"height":2560,"caption":"Edited in Tezza with: SONG, Contrast, Brightness, &amp; Temperature"},{"@type":"BreadcrumbList","@id":"https:\/\/aurel-sweet.com\/index.php\/produit\/tarte-aux-fraises-revisitee-4-personnes\/#breadcrumb","itemListElement":[{"@type":"ListItem","position":1,"name":"Accueil","item":"https:\/\/aurel-sweet.com\/"},{"@type":"ListItem","position":2,"name":"La carte","item":"https:\/\/aurel-sweet.com\/index.php\/la-carte\/"},{"@type":"ListItem","position":3,"name":"Tarte aux fraises Revisit\u00e9e 4 parts"}]},{"@type":"WebSite","@id":"https:\/\/aurel-sweet.com\/#website","url":"https:\/\/aurel-sweet.com\/","name":"Aurel Sweet","description":"Lorsque l&#039;exigence se marie avec la gourmandise \u00e0 la Fran\u00e7aise","publisher":{"@id":"https:\/\/aurel-sweet.com\/#organization"},"potentialAction":[{"@type":"SearchAction","target":{"@type":"EntryPoint","urlTemplate":"https:\/\/aurel-sweet.com\/?s={search_term_string}"},"query-input":{"@type":"PropertyValueSpecification","valueRequired":true,"valueName":"search_term_string"}}],"inLanguage":"fr-FR"},{"@type":"Organization","@id":"https:\/\/aurel-sweet.com\/#organization","name":"Aurel Sweet","url":"https:\/\/aurel-sweet.com\/","logo":{"@type":"ImageObject","inLanguage":"fr-FR","@id":"https:\/\/aurel-sweet.com\/#\/schema\/logo\/image\/","url":"https:\/\/aurel-sweet.com\/wp-content\/uploads\/2025\/09\/favicon-bordeaux.webp","contentUrl":"https:\/\/aurel-sweet.com\/wp-content\/uploads\/2025\/09\/favicon-bordeaux.webp","width":500,"height":500,"caption":"Aurel Sweet"},"image":{"@id":"https:\/\/aurel-sweet.com\/#\/schema\/logo\/image\/"}}]}},"_links":{"self":[{"href":"https:\/\/aurel-sweet.com\/index.php\/wp-json\/wp\/v2\/product\/1238","targetHints":{"allow":["GET"]}}],"collection":[{"href":"https:\/\/aurel-sweet.com\/index.php\/wp-json\/wp\/v2\/product"}],"about":[{"href":"https:\/\/aurel-sweet.com\/index.php\/wp-json\/wp\/v2\/types\/product"}],"replies":[{"embeddable":true,"href":"https:\/\/aurel-sweet.com\/index.php\/wp-json\/wp\/v2\/comments?post=1238"}],"wp:featuredmedia":[{"embeddable":true,"href":"https:\/\/aurel-sweet.com\/index.php\/wp-json\/wp\/v2\/media\/1239"}],"wp:attachment":[{"href":"https:\/\/aurel-sweet.com\/index.php\/wp-json\/wp\/v2\/media?parent=1238"}],"wp:term":[{"taxonomy":"product_brand","embeddable":true,"href":"https:\/\/aurel-sweet.com\/index.php\/wp-json\/wp\/v2\/product_brand?post=1238"},{"taxonomy":"product_cat","embeddable":true,"href":"https:\/\/aurel-sweet.com\/index.php\/wp-json\/wp\/v2\/product_cat?post=1238"},{"taxonomy":"product_tag","embeddable":true,"href":"https:\/\/aurel-sweet.com\/index.php\/wp-json\/wp\/v2\/product_tag?post=1238"}],"curies":[{"name":"wp","href":"https:\/\/api.w.org\/{rel}","templated":true}]}}