{"id":1251,"date":"2026-03-24T07:00:16","date_gmt":"2026-03-24T07:00:16","guid":{"rendered":"https:\/\/aurel-sweet.com\/?post_type=product&#038;p=1251"},"modified":"2026-03-24T07:26:22","modified_gmt":"2026-03-24T07:26:22","slug":"oeuf-choco-pecan","status":"publish","type":"product","link":"https:\/\/aurel-sweet.com\/index.php\/produit\/oeuf-choco-pecan\/","title":{"rendered":"Oeuf Choco P\u00e9can"},"content":{"rendered":"<p><b>Coque chocolat au lait \u2013 pralin\u00e9 p\u00e9can<\/b><\/p>\n<p>Un dessert gourmand alliant un croustillant pralin\u00e9 p\u00e9can, un biscuit au chocolat noir, un c\u0153ur pralin\u00e9 p\u00e9can fondant et une mousse au chocolat noir.<\/p>\n<p>Le tout est d\u00e9licatement surmont\u00e9 de morceaux de p\u00e9can pour une touche croquante.<\/p>\n<p>&nbsp;<\/p>\n","protected":false},"excerpt":{"rendered":"<p>Dans une Coque en Chocolat au lait : Croustillant pralin\u00e9 p\u00e9can, biscuit chocolat noir, c\u0153ur pralin\u00e9 p\u00e9can, mousse chocolat noir et ses morceaux de p\u00e9can.<\/p>\n<p>La taille parfaite pour d\u00e9guster cette douceur \u00e0 deux.<\/p>\n<p>&nbsp;<\/p>\n","protected":false},"featured_media":1252,"comment_status":"open","ping_status":"closed","template":"","meta":{"_acf_changed":false,"_et_pb_use_builder":"","_et_pb_old_content":"","_et_gb_content_width":""},"product_brand":[],"product_cat":[84],"product_tag":[92,90,89,93,94,19],"class_list":{"0":"post-1251","1":"product","2":"type-product","3":"status-publish","4":"has-post-thumbnail","6":"product_cat-creations","7":"product_tag-chocolat","8":"product_tag-gluten","9":"product_tag-lactose","10":"product_tag-noix-de-pecan","11":"product_tag-oeuf","12":"product_tag-praline","14":"first","15":"instock","16":"shipping-taxable","17":"purchasable","18":"product-type-simple","19":"add-to-wishlist-before_add_to_cart"},"acf":[],"yoast_head":"<!-- This site is optimized with the Yoast SEO plugin v27.4 - https:\/\/yoast.com\/product\/yoast-seo-wordpress\/ -->\n<title>Oeuf Choco P\u00e9can - Aurel Sweet - Patisserie sur mesure<\/title>\n<meta name=\"robots\" content=\"index, follow, max-snippet:-1, max-image-preview:large, max-video-preview:-1\" \/>\n<link rel=\"canonical\" href=\"https:\/\/aurel-sweet.com\/index.php\/produit\/oeuf-choco-pecan\/\" \/>\n<meta property=\"og:locale\" content=\"fr_FR\" \/>\n<meta property=\"og:type\" content=\"article\" \/>\n<meta property=\"og:title\" content=\"Oeuf Choco P\u00e9can - Aurel Sweet - Patisserie sur mesure\" \/>\n<meta property=\"og:description\" content=\"Dans une Coque en Chocolat au lait : Croustillant pralin\u00e9 p\u00e9can, biscuit chocolat noir, c\u0153ur pralin\u00e9 p\u00e9can, mousse chocolat noir et ses morceaux de p\u00e9can.  La taille parfaite pour d\u00e9guster cette douceur \u00e0 deux.  &nbsp;\" \/>\n<meta property=\"og:url\" content=\"https:\/\/aurel-sweet.com\/index.php\/produit\/oeuf-choco-pecan\/\" \/>\n<meta property=\"og:site_name\" content=\"Aurel Sweet - Patisserie sur mesure\" \/>\n<meta property=\"article:modified_time\" content=\"2026-03-24T07:26:22+00:00\" \/>\n<meta property=\"og:image\" content=\"https:\/\/aurel-sweet.com\/wp-content\/uploads\/2026\/03\/Tezza-1074-scaled.jpg\" \/>\n\t<meta property=\"og:image:width\" content=\"1920\" \/>\n\t<meta property=\"og:image:height\" content=\"2560\" \/>\n\t<meta property=\"og:image:type\" content=\"image\/jpeg\" \/>\n<meta name=\"twitter:card\" content=\"summary_large_image\" \/>\n<meta name=\"twitter:label1\" content=\"Dur\u00e9e de lecture estim\u00e9e\" \/>\n\t<meta name=\"twitter:data1\" content=\"1 minute\" \/>\n<script type=\"application\/ld+json\" class=\"yoast-schema-graph\">{\"@context\":\"https:\\\/\\\/schema.org\",\"@graph\":[{\"@type\":\"WebPage\",\"@id\":\"https:\\\/\\\/aurel-sweet.com\\\/index.php\\\/produit\\\/oeuf-choco-pecan\\\/\",\"url\":\"https:\\\/\\\/aurel-sweet.com\\\/index.php\\\/produit\\\/oeuf-choco-pecan\\\/\",\"name\":\"Oeuf Choco P\u00e9can - Aurel Sweet - Patisserie sur mesure\",\"isPartOf\":{\"@id\":\"https:\\\/\\\/aurel-sweet.com\\\/#website\"},\"primaryImageOfPage\":{\"@id\":\"https:\\\/\\\/aurel-sweet.com\\\/index.php\\\/produit\\\/oeuf-choco-pecan\\\/#primaryimage\"},\"image\":{\"@id\":\"https:\\\/\\\/aurel-sweet.com\\\/index.php\\\/produit\\\/oeuf-choco-pecan\\\/#primaryimage\"},\"thumbnailUrl\":\"https:\\\/\\\/aurel-sweet.com\\\/wp-content\\\/uploads\\\/2026\\\/03\\\/Tezza-1074-scaled.jpg\",\"datePublished\":\"2026-03-24T07:00:16+00:00\",\"dateModified\":\"2026-03-24T07:26:22+00:00\",\"breadcrumb\":{\"@id\":\"https:\\\/\\\/aurel-sweet.com\\\/index.php\\\/produit\\\/oeuf-choco-pecan\\\/#breadcrumb\"},\"inLanguage\":\"fr-FR\",\"potentialAction\":[{\"@type\":\"ReadAction\",\"target\":[\"https:\\\/\\\/aurel-sweet.com\\\/index.php\\\/produit\\\/oeuf-choco-pecan\\\/\"]}]},{\"@type\":\"ImageObject\",\"inLanguage\":\"fr-FR\",\"@id\":\"https:\\\/\\\/aurel-sweet.com\\\/index.php\\\/produit\\\/oeuf-choco-pecan\\\/#primaryimage\",\"url\":\"https:\\\/\\\/aurel-sweet.com\\\/wp-content\\\/uploads\\\/2026\\\/03\\\/Tezza-1074-scaled.jpg\",\"contentUrl\":\"https:\\\/\\\/aurel-sweet.com\\\/wp-content\\\/uploads\\\/2026\\\/03\\\/Tezza-1074-scaled.jpg\",\"width\":1920,\"height\":2560,\"caption\":\"Edited in Tezza with: SONG, Contrast, &amp; Brightness\"},{\"@type\":\"BreadcrumbList\",\"@id\":\"https:\\\/\\\/aurel-sweet.com\\\/index.php\\\/produit\\\/oeuf-choco-pecan\\\/#breadcrumb\",\"itemListElement\":[{\"@type\":\"ListItem\",\"position\":1,\"name\":\"Accueil\",\"item\":\"https:\\\/\\\/aurel-sweet.com\\\/\"},{\"@type\":\"ListItem\",\"position\":2,\"name\":\"La carte\",\"item\":\"https:\\\/\\\/aurel-sweet.com\\\/index.php\\\/la-carte\\\/\"},{\"@type\":\"ListItem\",\"position\":3,\"name\":\"Oeuf Choco P\u00e9can\"}]},{\"@type\":\"WebSite\",\"@id\":\"https:\\\/\\\/aurel-sweet.com\\\/#website\",\"url\":\"https:\\\/\\\/aurel-sweet.com\\\/\",\"name\":\"Aurel Sweet\",\"description\":\"Lorsque l&#039;exigence se marie avec la gourmandise \u00e0 la Fran\u00e7aise\",\"publisher\":{\"@id\":\"https:\\\/\\\/aurel-sweet.com\\\/#organization\"},\"potentialAction\":[{\"@type\":\"SearchAction\",\"target\":{\"@type\":\"EntryPoint\",\"urlTemplate\":\"https:\\\/\\\/aurel-sweet.com\\\/?s={search_term_string}\"},\"query-input\":{\"@type\":\"PropertyValueSpecification\",\"valueRequired\":true,\"valueName\":\"search_term_string\"}}],\"inLanguage\":\"fr-FR\"},{\"@type\":\"Organization\",\"@id\":\"https:\\\/\\\/aurel-sweet.com\\\/#organization\",\"name\":\"Aurel Sweet\",\"url\":\"https:\\\/\\\/aurel-sweet.com\\\/\",\"logo\":{\"@type\":\"ImageObject\",\"inLanguage\":\"fr-FR\",\"@id\":\"https:\\\/\\\/aurel-sweet.com\\\/#\\\/schema\\\/logo\\\/image\\\/\",\"url\":\"https:\\\/\\\/aurel-sweet.com\\\/wp-content\\\/uploads\\\/2025\\\/09\\\/favicon-bordeaux.webp\",\"contentUrl\":\"https:\\\/\\\/aurel-sweet.com\\\/wp-content\\\/uploads\\\/2025\\\/09\\\/favicon-bordeaux.webp\",\"width\":500,\"height\":500,\"caption\":\"Aurel Sweet\"},\"image\":{\"@id\":\"https:\\\/\\\/aurel-sweet.com\\\/#\\\/schema\\\/logo\\\/image\\\/\"}}]}<\/script>\n<!-- \/ Yoast SEO plugin. -->","yoast_head_json":{"title":"Oeuf Choco P\u00e9can - Aurel Sweet - Patisserie sur mesure","robots":{"index":"index","follow":"follow","max-snippet":"max-snippet:-1","max-image-preview":"max-image-preview:large","max-video-preview":"max-video-preview:-1"},"canonical":"https:\/\/aurel-sweet.com\/index.php\/produit\/oeuf-choco-pecan\/","og_locale":"fr_FR","og_type":"article","og_title":"Oeuf Choco P\u00e9can - Aurel Sweet - Patisserie sur mesure","og_description":"Dans une Coque en Chocolat au lait : Croustillant pralin\u00e9 p\u00e9can, biscuit chocolat noir, c\u0153ur pralin\u00e9 p\u00e9can, mousse chocolat noir et ses morceaux de p\u00e9can.  La taille parfaite pour d\u00e9guster cette douceur \u00e0 deux.  &nbsp;","og_url":"https:\/\/aurel-sweet.com\/index.php\/produit\/oeuf-choco-pecan\/","og_site_name":"Aurel Sweet - Patisserie sur mesure","article_modified_time":"2026-03-24T07:26:22+00:00","og_image":[{"width":1920,"height":2560,"url":"https:\/\/aurel-sweet.com\/wp-content\/uploads\/2026\/03\/Tezza-1074-scaled.jpg","type":"image\/jpeg"}],"twitter_card":"summary_large_image","twitter_misc":{"Dur\u00e9e de lecture estim\u00e9e":"1 minute"},"schema":{"@context":"https:\/\/schema.org","@graph":[{"@type":"WebPage","@id":"https:\/\/aurel-sweet.com\/index.php\/produit\/oeuf-choco-pecan\/","url":"https:\/\/aurel-sweet.com\/index.php\/produit\/oeuf-choco-pecan\/","name":"Oeuf Choco P\u00e9can - Aurel Sweet - Patisserie sur mesure","isPartOf":{"@id":"https:\/\/aurel-sweet.com\/#website"},"primaryImageOfPage":{"@id":"https:\/\/aurel-sweet.com\/index.php\/produit\/oeuf-choco-pecan\/#primaryimage"},"image":{"@id":"https:\/\/aurel-sweet.com\/index.php\/produit\/oeuf-choco-pecan\/#primaryimage"},"thumbnailUrl":"https:\/\/aurel-sweet.com\/wp-content\/uploads\/2026\/03\/Tezza-1074-scaled.jpg","datePublished":"2026-03-24T07:00:16+00:00","dateModified":"2026-03-24T07:26:22+00:00","breadcrumb":{"@id":"https:\/\/aurel-sweet.com\/index.php\/produit\/oeuf-choco-pecan\/#breadcrumb"},"inLanguage":"fr-FR","potentialAction":[{"@type":"ReadAction","target":["https:\/\/aurel-sweet.com\/index.php\/produit\/oeuf-choco-pecan\/"]}]},{"@type":"ImageObject","inLanguage":"fr-FR","@id":"https:\/\/aurel-sweet.com\/index.php\/produit\/oeuf-choco-pecan\/#primaryimage","url":"https:\/\/aurel-sweet.com\/wp-content\/uploads\/2026\/03\/Tezza-1074-scaled.jpg","contentUrl":"https:\/\/aurel-sweet.com\/wp-content\/uploads\/2026\/03\/Tezza-1074-scaled.jpg","width":1920,"height":2560,"caption":"Edited in Tezza with: SONG, Contrast, &amp; Brightness"},{"@type":"BreadcrumbList","@id":"https:\/\/aurel-sweet.com\/index.php\/produit\/oeuf-choco-pecan\/#breadcrumb","itemListElement":[{"@type":"ListItem","position":1,"name":"Accueil","item":"https:\/\/aurel-sweet.com\/"},{"@type":"ListItem","position":2,"name":"La carte","item":"https:\/\/aurel-sweet.com\/index.php\/la-carte\/"},{"@type":"ListItem","position":3,"name":"Oeuf Choco P\u00e9can"}]},{"@type":"WebSite","@id":"https:\/\/aurel-sweet.com\/#website","url":"https:\/\/aurel-sweet.com\/","name":"Aurel Sweet","description":"Lorsque l&#039;exigence se marie avec la gourmandise \u00e0 la Fran\u00e7aise","publisher":{"@id":"https:\/\/aurel-sweet.com\/#organization"},"potentialAction":[{"@type":"SearchAction","target":{"@type":"EntryPoint","urlTemplate":"https:\/\/aurel-sweet.com\/?s={search_term_string}"},"query-input":{"@type":"PropertyValueSpecification","valueRequired":true,"valueName":"search_term_string"}}],"inLanguage":"fr-FR"},{"@type":"Organization","@id":"https:\/\/aurel-sweet.com\/#organization","name":"Aurel Sweet","url":"https:\/\/aurel-sweet.com\/","logo":{"@type":"ImageObject","inLanguage":"fr-FR","@id":"https:\/\/aurel-sweet.com\/#\/schema\/logo\/image\/","url":"https:\/\/aurel-sweet.com\/wp-content\/uploads\/2025\/09\/favicon-bordeaux.webp","contentUrl":"https:\/\/aurel-sweet.com\/wp-content\/uploads\/2025\/09\/favicon-bordeaux.webp","width":500,"height":500,"caption":"Aurel Sweet"},"image":{"@id":"https:\/\/aurel-sweet.com\/#\/schema\/logo\/image\/"}}]}},"_links":{"self":[{"href":"https:\/\/aurel-sweet.com\/index.php\/wp-json\/wp\/v2\/product\/1251","targetHints":{"allow":["GET"]}}],"collection":[{"href":"https:\/\/aurel-sweet.com\/index.php\/wp-json\/wp\/v2\/product"}],"about":[{"href":"https:\/\/aurel-sweet.com\/index.php\/wp-json\/wp\/v2\/types\/product"}],"replies":[{"embeddable":true,"href":"https:\/\/aurel-sweet.com\/index.php\/wp-json\/wp\/v2\/comments?post=1251"}],"wp:featuredmedia":[{"embeddable":true,"href":"https:\/\/aurel-sweet.com\/index.php\/wp-json\/wp\/v2\/media\/1252"}],"wp:attachment":[{"href":"https:\/\/aurel-sweet.com\/index.php\/wp-json\/wp\/v2\/media?parent=1251"}],"wp:term":[{"taxonomy":"product_brand","embeddable":true,"href":"https:\/\/aurel-sweet.com\/index.php\/wp-json\/wp\/v2\/product_brand?post=1251"},{"taxonomy":"product_cat","embeddable":true,"href":"https:\/\/aurel-sweet.com\/index.php\/wp-json\/wp\/v2\/product_cat?post=1251"},{"taxonomy":"product_tag","embeddable":true,"href":"https:\/\/aurel-sweet.com\/index.php\/wp-json\/wp\/v2\/product_tag?post=1251"}],"curies":[{"name":"wp","href":"https:\/\/api.w.org\/{rel}","templated":true}]}}