{"id":330,"date":"2025-11-17T07:17:28","date_gmt":"2025-11-17T07:17:28","guid":{"rendered":"https:\/\/aurel-sweet.com\/?post_type=product&#038;p=330"},"modified":"2025-12-24T17:30:48","modified_gmt":"2025-12-24T17:30:48","slug":"mousseux-vanille","status":"publish","type":"product","link":"https:\/\/aurel-sweet.com\/index.php\/produit\/mousseux-vanille\/","title":{"rendered":"Le mousseux vanille"},"content":{"rendered":"<p data-start=\"1162\" data-end=\"1383\">Une mousse vanille intense \u00e0 partir de v\u00e9ritables gousses, un biscuit moelleux maison et un c\u0153ur caramel cacahu\u00e8te fondant qui cr\u00e9e la surprise\u2026 Vanille Infinie associe r\u00e9confort et gourmandise, \u00e9l\u00e9gance et d\u00e9lice absolu.<\/p>\n<p data-start=\"1385\" data-end=\"1616\">Une cr\u00e9ation signature <strong data-start=\"1408\" data-end=\"1443\">mont\u00e9e dans les r\u00e8gles de l\u2019art<\/strong> par notre chef p\u00e2tissier, pi\u00e8ce par pi\u00e8ce, commande apr\u00e8s commande. Pas d\u2019industriel ici : uniquement <strong data-start=\"1546\" data-end=\"1562\">le vrai go\u00fbt<\/strong> et l\u2019\u00e9motion d\u2019un dessert imagin\u00e9 pour faire plaisir.<\/p>\n<p data-start=\"1618\" data-end=\"1711\">\ud83d\ude9a <strong data-start=\"1621\" data-end=\"1643\">Livr\u00e9 bien prot\u00e9g\u00e9<\/strong>, pr\u00eat \u00e0 faire p\u00e9tiller vos papilles d\u00e8s l\u2019ouverture de la bo\u00eete !<\/p>\n","protected":false},"excerpt":{"rendered":"<p>Un flan g\u00e9n\u00e9reux \u00e0 la vanille, onctueux et parfum\u00e9, sur une p\u00e2te croustillante dor\u00e9e \u00e0 souhait.<br data-start=\"2570\" data-end=\"2573\" \/>La simplicit\u00e9 la plus absolue\u2026 mais ma\u00eetris\u00e9e \u00e0 la perfection.<\/p>\n<h4>Allerg\u00e8nes :<\/h4>\n<p>gluten , \u0153uf, lactose, fruit \u00e0 coque, arachide (option sans gluten)<\/p>\n","protected":false},"featured_media":328,"comment_status":"open","ping_status":"closed","template":"","meta":{"_acf_changed":false,"_et_pb_use_builder":"","_et_pb_old_content":"","_et_gb_content_width":""},"product_brand":[],"product_cat":[52,23,54],"product_tag":[26,25,21,24],"class_list":{"0":"post-330","1":"product","2":"type-product","3":"status-publish","4":"has-post-thumbnail","6":"product_cat-a-lannee","7":"product_cat-creations-signature","8":"product_cat-gateau-sans-gluten","9":"product_tag-cacahuete","10":"product_tag-caramel","11":"product_tag-gourmand","12":"product_tag-vanille","14":"first","15":"instock","16":"shipping-taxable","17":"purchasable","18":"product-type-variable","19":"add-to-wishlist-before_add_to_cart"},"acf":[],"yoast_head":"<!-- This site is optimized with the Yoast SEO plugin v27.4 - https:\/\/yoast.com\/product\/yoast-seo-wordpress\/ -->\n<title>Mousse Vanille Caramel Cacahu\u00e8te \u2013 Dessert Fait Maison<\/title>\n<meta name=\"description\" content=\"G\u00e2teau trois chocolats artisanal : textures gourmandes, chocolat premium, biscuit cookie croustillant. Livraison ou retrait.\" \/>\n<meta name=\"robots\" content=\"index, follow, max-snippet:-1, max-image-preview:large, max-video-preview:-1\" \/>\n<link rel=\"canonical\" href=\"https:\/\/aurel-sweet.com\/index.php\/produit\/mousseux-vanille\/\" \/>\n<meta property=\"og:locale\" content=\"fr_FR\" \/>\n<meta property=\"og:type\" content=\"article\" \/>\n<meta property=\"og:title\" content=\"Mousse Vanille Caramel Cacahu\u00e8te \u2013 Dessert Fait Maison\" \/>\n<meta property=\"og:description\" content=\"G\u00e2teau trois chocolats artisanal : textures gourmandes, chocolat premium, biscuit cookie croustillant. Livraison ou retrait.\" \/>\n<meta property=\"og:url\" content=\"https:\/\/aurel-sweet.com\/index.php\/produit\/mousseux-vanille\/\" \/>\n<meta property=\"og:site_name\" content=\"Aurel Sweet - Patisserie sur mesure\" \/>\n<meta property=\"article:modified_time\" content=\"2025-12-24T17:30:48+00:00\" \/>\n<meta property=\"og:image\" content=\"https:\/\/aurel-sweet.com\/wp-content\/uploads\/2025\/11\/image00193-scaled.jpeg\" \/>\n\t<meta property=\"og:image:width\" content=\"1942\" \/>\n\t<meta property=\"og:image:height\" content=\"2560\" \/>\n\t<meta property=\"og:image:type\" content=\"image\/jpeg\" \/>\n<meta name=\"twitter:card\" content=\"summary_large_image\" \/>\n<meta name=\"twitter:label1\" content=\"Dur\u00e9e de lecture estim\u00e9e\" \/>\n\t<meta name=\"twitter:data1\" content=\"1 minute\" \/>\n<script type=\"application\/ld+json\" class=\"yoast-schema-graph\">{\"@context\":\"https:\\\/\\\/schema.org\",\"@graph\":[{\"@type\":\"WebPage\",\"@id\":\"https:\\\/\\\/aurel-sweet.com\\\/index.php\\\/produit\\\/mousseux-vanille\\\/\",\"url\":\"https:\\\/\\\/aurel-sweet.com\\\/index.php\\\/produit\\\/mousseux-vanille\\\/\",\"name\":\"Mousse Vanille Caramel Cacahu\u00e8te \u2013 Dessert Fait Maison\",\"isPartOf\":{\"@id\":\"https:\\\/\\\/aurel-sweet.com\\\/#website\"},\"primaryImageOfPage\":{\"@id\":\"https:\\\/\\\/aurel-sweet.com\\\/index.php\\\/produit\\\/mousseux-vanille\\\/#primaryimage\"},\"image\":{\"@id\":\"https:\\\/\\\/aurel-sweet.com\\\/index.php\\\/produit\\\/mousseux-vanille\\\/#primaryimage\"},\"thumbnailUrl\":\"https:\\\/\\\/aurel-sweet.com\\\/wp-content\\\/uploads\\\/2025\\\/11\\\/image00193-scaled.jpeg\",\"datePublished\":\"2025-11-17T07:17:28+00:00\",\"dateModified\":\"2025-12-24T17:30:48+00:00\",\"description\":\"G\u00e2teau trois chocolats artisanal : textures gourmandes, chocolat premium, biscuit cookie croustillant. Livraison ou retrait.\",\"breadcrumb\":{\"@id\":\"https:\\\/\\\/aurel-sweet.com\\\/index.php\\\/produit\\\/mousseux-vanille\\\/#breadcrumb\"},\"inLanguage\":\"fr-FR\",\"potentialAction\":[{\"@type\":\"ReadAction\",\"target\":[\"https:\\\/\\\/aurel-sweet.com\\\/index.php\\\/produit\\\/mousseux-vanille\\\/\"]}]},{\"@type\":\"ImageObject\",\"inLanguage\":\"fr-FR\",\"@id\":\"https:\\\/\\\/aurel-sweet.com\\\/index.php\\\/produit\\\/mousseux-vanille\\\/#primaryimage\",\"url\":\"https:\\\/\\\/aurel-sweet.com\\\/wp-content\\\/uploads\\\/2025\\\/11\\\/image00193-scaled.jpeg\",\"contentUrl\":\"https:\\\/\\\/aurel-sweet.com\\\/wp-content\\\/uploads\\\/2025\\\/11\\\/image00193-scaled.jpeg\",\"width\":1942,\"height\":2560,\"caption\":\"g\u00e2teaux maison \u00e0 la vanille\"},{\"@type\":\"BreadcrumbList\",\"@id\":\"https:\\\/\\\/aurel-sweet.com\\\/index.php\\\/produit\\\/mousseux-vanille\\\/#breadcrumb\",\"itemListElement\":[{\"@type\":\"ListItem\",\"position\":1,\"name\":\"Accueil\",\"item\":\"https:\\\/\\\/aurel-sweet.com\\\/\"},{\"@type\":\"ListItem\",\"position\":2,\"name\":\"La carte\",\"item\":\"https:\\\/\\\/aurel-sweet.com\\\/index.php\\\/la-carte\\\/\"},{\"@type\":\"ListItem\",\"position\":3,\"name\":\"Le mousseux vanille\"}]},{\"@type\":\"WebSite\",\"@id\":\"https:\\\/\\\/aurel-sweet.com\\\/#website\",\"url\":\"https:\\\/\\\/aurel-sweet.com\\\/\",\"name\":\"Aurel Sweet\",\"description\":\"Lorsque l&#039;exigence se marie avec la gourmandise \u00e0 la Fran\u00e7aise\",\"publisher\":{\"@id\":\"https:\\\/\\\/aurel-sweet.com\\\/#organization\"},\"potentialAction\":[{\"@type\":\"SearchAction\",\"target\":{\"@type\":\"EntryPoint\",\"urlTemplate\":\"https:\\\/\\\/aurel-sweet.com\\\/?s={search_term_string}\"},\"query-input\":{\"@type\":\"PropertyValueSpecification\",\"valueRequired\":true,\"valueName\":\"search_term_string\"}}],\"inLanguage\":\"fr-FR\"},{\"@type\":\"Organization\",\"@id\":\"https:\\\/\\\/aurel-sweet.com\\\/#organization\",\"name\":\"Aurel Sweet\",\"url\":\"https:\\\/\\\/aurel-sweet.com\\\/\",\"logo\":{\"@type\":\"ImageObject\",\"inLanguage\":\"fr-FR\",\"@id\":\"https:\\\/\\\/aurel-sweet.com\\\/#\\\/schema\\\/logo\\\/image\\\/\",\"url\":\"https:\\\/\\\/aurel-sweet.com\\\/wp-content\\\/uploads\\\/2025\\\/09\\\/favicon-bordeaux.webp\",\"contentUrl\":\"https:\\\/\\\/aurel-sweet.com\\\/wp-content\\\/uploads\\\/2025\\\/09\\\/favicon-bordeaux.webp\",\"width\":500,\"height\":500,\"caption\":\"Aurel Sweet\"},\"image\":{\"@id\":\"https:\\\/\\\/aurel-sweet.com\\\/#\\\/schema\\\/logo\\\/image\\\/\"}}]}<\/script>\n<!-- \/ Yoast SEO plugin. -->","yoast_head_json":{"title":"Mousse Vanille Caramel Cacahu\u00e8te \u2013 Dessert Fait Maison","description":"G\u00e2teau trois chocolats artisanal : textures gourmandes, chocolat premium, biscuit cookie croustillant. Livraison ou retrait.","robots":{"index":"index","follow":"follow","max-snippet":"max-snippet:-1","max-image-preview":"max-image-preview:large","max-video-preview":"max-video-preview:-1"},"canonical":"https:\/\/aurel-sweet.com\/index.php\/produit\/mousseux-vanille\/","og_locale":"fr_FR","og_type":"article","og_title":"Mousse Vanille Caramel Cacahu\u00e8te \u2013 Dessert Fait Maison","og_description":"G\u00e2teau trois chocolats artisanal : textures gourmandes, chocolat premium, biscuit cookie croustillant. Livraison ou retrait.","og_url":"https:\/\/aurel-sweet.com\/index.php\/produit\/mousseux-vanille\/","og_site_name":"Aurel Sweet - Patisserie sur mesure","article_modified_time":"2025-12-24T17:30:48+00:00","og_image":[{"width":1942,"height":2560,"url":"https:\/\/aurel-sweet.com\/wp-content\/uploads\/2025\/11\/image00193-scaled.jpeg","type":"image\/jpeg"}],"twitter_card":"summary_large_image","twitter_misc":{"Dur\u00e9e de lecture estim\u00e9e":"1 minute"},"schema":{"@context":"https:\/\/schema.org","@graph":[{"@type":"WebPage","@id":"https:\/\/aurel-sweet.com\/index.php\/produit\/mousseux-vanille\/","url":"https:\/\/aurel-sweet.com\/index.php\/produit\/mousseux-vanille\/","name":"Mousse Vanille Caramel Cacahu\u00e8te \u2013 Dessert Fait Maison","isPartOf":{"@id":"https:\/\/aurel-sweet.com\/#website"},"primaryImageOfPage":{"@id":"https:\/\/aurel-sweet.com\/index.php\/produit\/mousseux-vanille\/#primaryimage"},"image":{"@id":"https:\/\/aurel-sweet.com\/index.php\/produit\/mousseux-vanille\/#primaryimage"},"thumbnailUrl":"https:\/\/aurel-sweet.com\/wp-content\/uploads\/2025\/11\/image00193-scaled.jpeg","datePublished":"2025-11-17T07:17:28+00:00","dateModified":"2025-12-24T17:30:48+00:00","description":"G\u00e2teau trois chocolats artisanal : textures gourmandes, chocolat premium, biscuit cookie croustillant. Livraison ou retrait.","breadcrumb":{"@id":"https:\/\/aurel-sweet.com\/index.php\/produit\/mousseux-vanille\/#breadcrumb"},"inLanguage":"fr-FR","potentialAction":[{"@type":"ReadAction","target":["https:\/\/aurel-sweet.com\/index.php\/produit\/mousseux-vanille\/"]}]},{"@type":"ImageObject","inLanguage":"fr-FR","@id":"https:\/\/aurel-sweet.com\/index.php\/produit\/mousseux-vanille\/#primaryimage","url":"https:\/\/aurel-sweet.com\/wp-content\/uploads\/2025\/11\/image00193-scaled.jpeg","contentUrl":"https:\/\/aurel-sweet.com\/wp-content\/uploads\/2025\/11\/image00193-scaled.jpeg","width":1942,"height":2560,"caption":"g\u00e2teaux maison \u00e0 la vanille"},{"@type":"BreadcrumbList","@id":"https:\/\/aurel-sweet.com\/index.php\/produit\/mousseux-vanille\/#breadcrumb","itemListElement":[{"@type":"ListItem","position":1,"name":"Accueil","item":"https:\/\/aurel-sweet.com\/"},{"@type":"ListItem","position":2,"name":"La carte","item":"https:\/\/aurel-sweet.com\/index.php\/la-carte\/"},{"@type":"ListItem","position":3,"name":"Le mousseux vanille"}]},{"@type":"WebSite","@id":"https:\/\/aurel-sweet.com\/#website","url":"https:\/\/aurel-sweet.com\/","name":"Aurel Sweet","description":"Lorsque l&#039;exigence se marie avec la gourmandise \u00e0 la Fran\u00e7aise","publisher":{"@id":"https:\/\/aurel-sweet.com\/#organization"},"potentialAction":[{"@type":"SearchAction","target":{"@type":"EntryPoint","urlTemplate":"https:\/\/aurel-sweet.com\/?s={search_term_string}"},"query-input":{"@type":"PropertyValueSpecification","valueRequired":true,"valueName":"search_term_string"}}],"inLanguage":"fr-FR"},{"@type":"Organization","@id":"https:\/\/aurel-sweet.com\/#organization","name":"Aurel Sweet","url":"https:\/\/aurel-sweet.com\/","logo":{"@type":"ImageObject","inLanguage":"fr-FR","@id":"https:\/\/aurel-sweet.com\/#\/schema\/logo\/image\/","url":"https:\/\/aurel-sweet.com\/wp-content\/uploads\/2025\/09\/favicon-bordeaux.webp","contentUrl":"https:\/\/aurel-sweet.com\/wp-content\/uploads\/2025\/09\/favicon-bordeaux.webp","width":500,"height":500,"caption":"Aurel Sweet"},"image":{"@id":"https:\/\/aurel-sweet.com\/#\/schema\/logo\/image\/"}}]}},"_links":{"self":[{"href":"https:\/\/aurel-sweet.com\/index.php\/wp-json\/wp\/v2\/product\/330","targetHints":{"allow":["GET"]}}],"collection":[{"href":"https:\/\/aurel-sweet.com\/index.php\/wp-json\/wp\/v2\/product"}],"about":[{"href":"https:\/\/aurel-sweet.com\/index.php\/wp-json\/wp\/v2\/types\/product"}],"replies":[{"embeddable":true,"href":"https:\/\/aurel-sweet.com\/index.php\/wp-json\/wp\/v2\/comments?post=330"}],"wp:featuredmedia":[{"embeddable":true,"href":"https:\/\/aurel-sweet.com\/index.php\/wp-json\/wp\/v2\/media\/328"}],"wp:attachment":[{"href":"https:\/\/aurel-sweet.com\/index.php\/wp-json\/wp\/v2\/media?parent=330"}],"wp:term":[{"taxonomy":"product_brand","embeddable":true,"href":"https:\/\/aurel-sweet.com\/index.php\/wp-json\/wp\/v2\/product_brand?post=330"},{"taxonomy":"product_cat","embeddable":true,"href":"https:\/\/aurel-sweet.com\/index.php\/wp-json\/wp\/v2\/product_cat?post=330"},{"taxonomy":"product_tag","embeddable":true,"href":"https:\/\/aurel-sweet.com\/index.php\/wp-json\/wp\/v2\/product_tag?post=330"}],"curies":[{"name":"wp","href":"https:\/\/api.w.org\/{rel}","templated":true}]}}