{"id":332,"date":"2025-11-17T07:20:20","date_gmt":"2025-11-17T07:20:20","guid":{"rendered":"https:\/\/aurel-sweet.com\/?post_type=product&#038;p=332"},"modified":"2025-12-24T17:29:23","modified_gmt":"2025-12-24T17:29:23","slug":"gateau-trois-chocolats-artisanal-2","status":"publish","type":"product","link":"https:\/\/aurel-sweet.com\/index.php\/produit\/gateau-trois-chocolats-artisanal-2\/","title":{"rendered":"3 chocolats avec biscuit cookie"},"content":{"rendered":"<p data-start=\"1768\" data-end=\"1990\">Trois chocolats, trois textures, une seule envie : se resservir. Une mousse noir intense, une mousse lait douce et une mousse blanc cr\u00e9meuse reposent sur un biscuit cookie croustillant qui rend chaque bouch\u00e9e irr\u00e9sistible.<\/p>\n<p data-start=\"1992\" data-end=\"2177\">Nous travaillons nos chocolats avec pr\u00e9cision pour obtenir la <strong data-start=\"2054\" data-end=\"2072\">fonte parfaite<\/strong> et un go\u00fbt riche qui reste en bouche. Un dessert fabriqu\u00e9 sur commande, pour une fra\u00eecheur incomparable.<\/p>\n<p data-start=\"2179\" data-end=\"2267\">\ud83d\udccd \u00c0 r\u00e9cup\u00e9rer ou \u00e0 se faire livrer, pour un dessert qui fait sensation \u00e0 chaque fois.<\/p>\n","protected":false},"excerpt":{"rendered":"<p data-start=\"1921\" data-end=\"2212\">Un dessert qui fait fondre les passionn\u00e9s de chocolat : mousse chocolat noir, mousse lait, mousse chocolat blanc\u2026 un trio gagnant ! Le tout pos\u00e9 sur un biscuit cookie croustillant et savoureux pour la touche r\u00e9gressive.<br data-start=\"2167\" data-end=\"2170\" \/>L\u2019irr\u00e9sistible gourmandise par excellence.<\/p>\n<h4 data-start=\"1921\" data-end=\"2212\">Allerg\u00e8nes :<\/h4>\n<p data-start=\"1921\" data-end=\"2212\">Gluten, \u0153uf et lactose (pour la version avec gluten)<\/p>\n","protected":false},"featured_media":323,"comment_status":"open","ping_status":"closed","template":"","meta":{"_acf_changed":false,"_et_pb_use_builder":"","_et_pb_old_content":"","_et_gb_content_width":""},"product_brand":[],"product_cat":[52,27,18,54],"product_tag":[30,29,28,31],"class_list":{"0":"post-332","1":"product","2":"type-product","3":"status-publish","4":"has-post-thumbnail","6":"product_cat-a-lannee","7":"product_cat-gateau-au-chocolat","8":"product_cat-gateaux-traditionnels","9":"product_cat-gateau-sans-gluten","10":"product_tag-chocolat-blanc","11":"product_tag-chocolat-lait","12":"product_tag-chocolat-noir","13":"product_tag-cookie","15":"first","16":"instock","17":"shipping-taxable","18":"purchasable","19":"product-type-variable","20":"add-to-wishlist-before_add_to_cart"},"acf":[],"yoast_head":"<!-- This site is optimized with the Yoast SEO plugin v27.4 - https:\/\/yoast.com\/product\/yoast-seo-wordpress\/ -->\n<title>G\u00e2teau Trois Chocolats Artisanal \u2013 Trilogie Chocolat<\/title>\n<meta name=\"description\" content=\"G\u00e2teau trois chocolats artisanal : textures gourmandes, chocolat premium, biscuit cookie croustillant. Livraison ou retrait.\" \/>\n<meta name=\"robots\" content=\"index, follow, max-snippet:-1, max-image-preview:large, max-video-preview:-1\" \/>\n<link rel=\"canonical\" href=\"https:\/\/aurel-sweet.com\/index.php\/produit\/gateau-trois-chocolats-artisanal-2\/\" \/>\n<meta property=\"og:locale\" content=\"fr_FR\" \/>\n<meta property=\"og:type\" content=\"article\" \/>\n<meta property=\"og:title\" content=\"G\u00e2teau Trois Chocolats Artisanal \u2013 Trilogie Chocolat\" \/>\n<meta property=\"og:description\" content=\"G\u00e2teau trois chocolats artisanal : textures gourmandes, chocolat premium, biscuit cookie croustillant. Livraison ou retrait.\" \/>\n<meta property=\"og:url\" content=\"https:\/\/aurel-sweet.com\/index.php\/produit\/gateau-trois-chocolats-artisanal-2\/\" \/>\n<meta property=\"og:site_name\" content=\"Aurel Sweet - Patisserie sur mesure\" \/>\n<meta property=\"article:modified_time\" content=\"2025-12-24T17:29:23+00:00\" \/>\n<meta property=\"og:image\" content=\"https:\/\/aurel-sweet.com\/wp-content\/uploads\/2025\/11\/image00188-scaled.jpeg\" \/>\n\t<meta property=\"og:image:width\" content=\"2025\" \/>\n\t<meta property=\"og:image:height\" content=\"2560\" \/>\n\t<meta property=\"og:image:type\" content=\"image\/jpeg\" \/>\n<meta name=\"twitter:card\" content=\"summary_large_image\" \/>\n<meta name=\"twitter:label1\" content=\"Dur\u00e9e de lecture estim\u00e9e\" \/>\n\t<meta name=\"twitter:data1\" content=\"1 minute\" \/>\n<script type=\"application\/ld+json\" class=\"yoast-schema-graph\">{\"@context\":\"https:\\\/\\\/schema.org\",\"@graph\":[{\"@type\":\"WebPage\",\"@id\":\"https:\\\/\\\/aurel-sweet.com\\\/index.php\\\/produit\\\/gateau-trois-chocolats-artisanal-2\\\/\",\"url\":\"https:\\\/\\\/aurel-sweet.com\\\/index.php\\\/produit\\\/gateau-trois-chocolats-artisanal-2\\\/\",\"name\":\"G\u00e2teau Trois Chocolats Artisanal \u2013 Trilogie Chocolat\",\"isPartOf\":{\"@id\":\"https:\\\/\\\/aurel-sweet.com\\\/#website\"},\"primaryImageOfPage\":{\"@id\":\"https:\\\/\\\/aurel-sweet.com\\\/index.php\\\/produit\\\/gateau-trois-chocolats-artisanal-2\\\/#primaryimage\"},\"image\":{\"@id\":\"https:\\\/\\\/aurel-sweet.com\\\/index.php\\\/produit\\\/gateau-trois-chocolats-artisanal-2\\\/#primaryimage\"},\"thumbnailUrl\":\"https:\\\/\\\/aurel-sweet.com\\\/wp-content\\\/uploads\\\/2025\\\/11\\\/image00188-scaled.jpeg\",\"datePublished\":\"2025-11-17T07:20:20+00:00\",\"dateModified\":\"2025-12-24T17:29:23+00:00\",\"description\":\"G\u00e2teau trois chocolats artisanal : textures gourmandes, chocolat premium, biscuit cookie croustillant. Livraison ou retrait.\",\"breadcrumb\":{\"@id\":\"https:\\\/\\\/aurel-sweet.com\\\/index.php\\\/produit\\\/gateau-trois-chocolats-artisanal-2\\\/#breadcrumb\"},\"inLanguage\":\"fr-FR\",\"potentialAction\":[{\"@type\":\"ReadAction\",\"target\":[\"https:\\\/\\\/aurel-sweet.com\\\/index.php\\\/produit\\\/gateau-trois-chocolats-artisanal-2\\\/\"]}]},{\"@type\":\"ImageObject\",\"inLanguage\":\"fr-FR\",\"@id\":\"https:\\\/\\\/aurel-sweet.com\\\/index.php\\\/produit\\\/gateau-trois-chocolats-artisanal-2\\\/#primaryimage\",\"url\":\"https:\\\/\\\/aurel-sweet.com\\\/wp-content\\\/uploads\\\/2025\\\/11\\\/image00188-scaled.jpeg\",\"contentUrl\":\"https:\\\/\\\/aurel-sweet.com\\\/wp-content\\\/uploads\\\/2025\\\/11\\\/image00188-scaled.jpeg\",\"width\":2025,\"height\":2560},{\"@type\":\"BreadcrumbList\",\"@id\":\"https:\\\/\\\/aurel-sweet.com\\\/index.php\\\/produit\\\/gateau-trois-chocolats-artisanal-2\\\/#breadcrumb\",\"itemListElement\":[{\"@type\":\"ListItem\",\"position\":1,\"name\":\"Accueil\",\"item\":\"https:\\\/\\\/aurel-sweet.com\\\/\"},{\"@type\":\"ListItem\",\"position\":2,\"name\":\"La carte\",\"item\":\"https:\\\/\\\/aurel-sweet.com\\\/index.php\\\/la-carte\\\/\"},{\"@type\":\"ListItem\",\"position\":3,\"name\":\"3 chocolats avec biscuit cookie\"}]},{\"@type\":\"WebSite\",\"@id\":\"https:\\\/\\\/aurel-sweet.com\\\/#website\",\"url\":\"https:\\\/\\\/aurel-sweet.com\\\/\",\"name\":\"Aurel Sweet\",\"description\":\"Lorsque l&#039;exigence se marie avec la gourmandise \u00e0 la Fran\u00e7aise\",\"publisher\":{\"@id\":\"https:\\\/\\\/aurel-sweet.com\\\/#organization\"},\"potentialAction\":[{\"@type\":\"SearchAction\",\"target\":{\"@type\":\"EntryPoint\",\"urlTemplate\":\"https:\\\/\\\/aurel-sweet.com\\\/?s={search_term_string}\"},\"query-input\":{\"@type\":\"PropertyValueSpecification\",\"valueRequired\":true,\"valueName\":\"search_term_string\"}}],\"inLanguage\":\"fr-FR\"},{\"@type\":\"Organization\",\"@id\":\"https:\\\/\\\/aurel-sweet.com\\\/#organization\",\"name\":\"Aurel Sweet\",\"url\":\"https:\\\/\\\/aurel-sweet.com\\\/\",\"logo\":{\"@type\":\"ImageObject\",\"inLanguage\":\"fr-FR\",\"@id\":\"https:\\\/\\\/aurel-sweet.com\\\/#\\\/schema\\\/logo\\\/image\\\/\",\"url\":\"https:\\\/\\\/aurel-sweet.com\\\/wp-content\\\/uploads\\\/2025\\\/09\\\/favicon-bordeaux.webp\",\"contentUrl\":\"https:\\\/\\\/aurel-sweet.com\\\/wp-content\\\/uploads\\\/2025\\\/09\\\/favicon-bordeaux.webp\",\"width\":500,\"height\":500,\"caption\":\"Aurel Sweet\"},\"image\":{\"@id\":\"https:\\\/\\\/aurel-sweet.com\\\/#\\\/schema\\\/logo\\\/image\\\/\"}}]}<\/script>\n<!-- \/ Yoast SEO plugin. -->","yoast_head_json":{"title":"G\u00e2teau Trois Chocolats Artisanal \u2013 Trilogie Chocolat","description":"G\u00e2teau trois chocolats artisanal : textures gourmandes, chocolat premium, biscuit cookie croustillant. Livraison ou retrait.","robots":{"index":"index","follow":"follow","max-snippet":"max-snippet:-1","max-image-preview":"max-image-preview:large","max-video-preview":"max-video-preview:-1"},"canonical":"https:\/\/aurel-sweet.com\/index.php\/produit\/gateau-trois-chocolats-artisanal-2\/","og_locale":"fr_FR","og_type":"article","og_title":"G\u00e2teau Trois Chocolats Artisanal \u2013 Trilogie Chocolat","og_description":"G\u00e2teau trois chocolats artisanal : textures gourmandes, chocolat premium, biscuit cookie croustillant. Livraison ou retrait.","og_url":"https:\/\/aurel-sweet.com\/index.php\/produit\/gateau-trois-chocolats-artisanal-2\/","og_site_name":"Aurel Sweet - Patisserie sur mesure","article_modified_time":"2025-12-24T17:29:23+00:00","og_image":[{"width":2025,"height":2560,"url":"https:\/\/aurel-sweet.com\/wp-content\/uploads\/2025\/11\/image00188-scaled.jpeg","type":"image\/jpeg"}],"twitter_card":"summary_large_image","twitter_misc":{"Dur\u00e9e de lecture estim\u00e9e":"1 minute"},"schema":{"@context":"https:\/\/schema.org","@graph":[{"@type":"WebPage","@id":"https:\/\/aurel-sweet.com\/index.php\/produit\/gateau-trois-chocolats-artisanal-2\/","url":"https:\/\/aurel-sweet.com\/index.php\/produit\/gateau-trois-chocolats-artisanal-2\/","name":"G\u00e2teau Trois Chocolats Artisanal \u2013 Trilogie Chocolat","isPartOf":{"@id":"https:\/\/aurel-sweet.com\/#website"},"primaryImageOfPage":{"@id":"https:\/\/aurel-sweet.com\/index.php\/produit\/gateau-trois-chocolats-artisanal-2\/#primaryimage"},"image":{"@id":"https:\/\/aurel-sweet.com\/index.php\/produit\/gateau-trois-chocolats-artisanal-2\/#primaryimage"},"thumbnailUrl":"https:\/\/aurel-sweet.com\/wp-content\/uploads\/2025\/11\/image00188-scaled.jpeg","datePublished":"2025-11-17T07:20:20+00:00","dateModified":"2025-12-24T17:29:23+00:00","description":"G\u00e2teau trois chocolats artisanal : textures gourmandes, chocolat premium, biscuit cookie croustillant. Livraison ou retrait.","breadcrumb":{"@id":"https:\/\/aurel-sweet.com\/index.php\/produit\/gateau-trois-chocolats-artisanal-2\/#breadcrumb"},"inLanguage":"fr-FR","potentialAction":[{"@type":"ReadAction","target":["https:\/\/aurel-sweet.com\/index.php\/produit\/gateau-trois-chocolats-artisanal-2\/"]}]},{"@type":"ImageObject","inLanguage":"fr-FR","@id":"https:\/\/aurel-sweet.com\/index.php\/produit\/gateau-trois-chocolats-artisanal-2\/#primaryimage","url":"https:\/\/aurel-sweet.com\/wp-content\/uploads\/2025\/11\/image00188-scaled.jpeg","contentUrl":"https:\/\/aurel-sweet.com\/wp-content\/uploads\/2025\/11\/image00188-scaled.jpeg","width":2025,"height":2560},{"@type":"BreadcrumbList","@id":"https:\/\/aurel-sweet.com\/index.php\/produit\/gateau-trois-chocolats-artisanal-2\/#breadcrumb","itemListElement":[{"@type":"ListItem","position":1,"name":"Accueil","item":"https:\/\/aurel-sweet.com\/"},{"@type":"ListItem","position":2,"name":"La carte","item":"https:\/\/aurel-sweet.com\/index.php\/la-carte\/"},{"@type":"ListItem","position":3,"name":"3 chocolats avec biscuit cookie"}]},{"@type":"WebSite","@id":"https:\/\/aurel-sweet.com\/#website","url":"https:\/\/aurel-sweet.com\/","name":"Aurel Sweet","description":"Lorsque l&#039;exigence se marie avec la gourmandise \u00e0 la Fran\u00e7aise","publisher":{"@id":"https:\/\/aurel-sweet.com\/#organization"},"potentialAction":[{"@type":"SearchAction","target":{"@type":"EntryPoint","urlTemplate":"https:\/\/aurel-sweet.com\/?s={search_term_string}"},"query-input":{"@type":"PropertyValueSpecification","valueRequired":true,"valueName":"search_term_string"}}],"inLanguage":"fr-FR"},{"@type":"Organization","@id":"https:\/\/aurel-sweet.com\/#organization","name":"Aurel Sweet","url":"https:\/\/aurel-sweet.com\/","logo":{"@type":"ImageObject","inLanguage":"fr-FR","@id":"https:\/\/aurel-sweet.com\/#\/schema\/logo\/image\/","url":"https:\/\/aurel-sweet.com\/wp-content\/uploads\/2025\/09\/favicon-bordeaux.webp","contentUrl":"https:\/\/aurel-sweet.com\/wp-content\/uploads\/2025\/09\/favicon-bordeaux.webp","width":500,"height":500,"caption":"Aurel Sweet"},"image":{"@id":"https:\/\/aurel-sweet.com\/#\/schema\/logo\/image\/"}}]}},"_links":{"self":[{"href":"https:\/\/aurel-sweet.com\/index.php\/wp-json\/wp\/v2\/product\/332","targetHints":{"allow":["GET"]}}],"collection":[{"href":"https:\/\/aurel-sweet.com\/index.php\/wp-json\/wp\/v2\/product"}],"about":[{"href":"https:\/\/aurel-sweet.com\/index.php\/wp-json\/wp\/v2\/types\/product"}],"replies":[{"embeddable":true,"href":"https:\/\/aurel-sweet.com\/index.php\/wp-json\/wp\/v2\/comments?post=332"}],"wp:featuredmedia":[{"embeddable":true,"href":"https:\/\/aurel-sweet.com\/index.php\/wp-json\/wp\/v2\/media\/323"}],"wp:attachment":[{"href":"https:\/\/aurel-sweet.com\/index.php\/wp-json\/wp\/v2\/media?parent=332"}],"wp:term":[{"taxonomy":"product_brand","embeddable":true,"href":"https:\/\/aurel-sweet.com\/index.php\/wp-json\/wp\/v2\/product_brand?post=332"},{"taxonomy":"product_cat","embeddable":true,"href":"https:\/\/aurel-sweet.com\/index.php\/wp-json\/wp\/v2\/product_cat?post=332"},{"taxonomy":"product_tag","embeddable":true,"href":"https:\/\/aurel-sweet.com\/index.php\/wp-json\/wp\/v2\/product_tag?post=332"}],"curies":[{"name":"wp","href":"https:\/\/api.w.org\/{rel}","templated":true}]}}