{"id":333,"date":"2025-11-17T07:23:14","date_gmt":"2025-11-17T07:23:14","guid":{"rendered":"https:\/\/aurel-sweet.com\/?post_type=product&#038;p=333"},"modified":"2026-03-03T10:19:26","modified_gmt":"2026-03-03T10:19:26","slug":"flan-vanille-artisanal","status":"publish","type":"product","link":"https:\/\/aurel-sweet.com\/index.php\/produit\/flan-vanille-artisanal\/","title":{"rendered":"Flan vanille artisanal 6parts"},"content":{"rendered":"<p data-start=\"2331\" data-end=\"2533\">Parce qu\u2019un bon flan ne triche jamais : cr\u00e8me vanille cr\u00e9meuse, parfum\u00e9e avec du bourbon de Madagascar, texture fondante et p\u00e2te soigneusement dor\u00e9e. Le flan comme on l\u2019aime : <strong data-start=\"2507\" data-end=\"2532\">simple, vrai, parfait<\/strong>.<\/p>\n<p data-start=\"2535\" data-end=\"2695\">Un dessert iconique r\u00e9alis\u00e9 <strong data-start=\"2563\" data-end=\"2590\">\u00e0 la main et avec amour<\/strong>. Ici, on prend le temps : choisir de bons ingr\u00e9dients, cuire lentement, laisser refroidir naturellement\u2026<\/p>\n<p data-start=\"2697\" data-end=\"2782\">\ud83c\udf81 Emball\u00e9 et livr\u00e9 pour garantir fra\u00eecheur et plaisir au moment de la d\u00e9gustation.<\/p>\n","protected":false},"excerpt":{"rendered":"<p>Un flan g\u00e9n\u00e9reux \u00e0 la vanille, onctueux et parfum\u00e9, sur une p\u00e2te croustillante dor\u00e9e \u00e0 souhait.<br data-start=\"2570\" data-end=\"2573\" \/>La simplicit\u00e9 la plus absolue\u2026 mais ma\u00eetris\u00e9e \u00e0 la perfection.<\/p>\n<h4>Allerg\u00e8nes :<\/h4>\n<p>gluten,\u00a0\u0153uf,\u00a0lactose<\/p>\n","protected":false},"featured_media":324,"comment_status":"open","ping_status":"closed","template":"","meta":{"_acf_changed":false,"_et_pb_use_builder":"","_et_pb_old_content":"","_et_gb_content_width":""},"product_brand":[],"product_cat":[52,18],"product_tag":[32,33,24],"class_list":{"0":"post-333","1":"product","2":"type-product","3":"status-publish","4":"has-post-thumbnail","6":"product_cat-a-lannee","7":"product_cat-gateaux-traditionnels","8":"product_tag-flan-patissier","9":"product_tag-onctueux","10":"product_tag-vanille","12":"first","13":"instock","14":"shipping-taxable","15":"purchasable","16":"product-type-simple","17":"add-to-wishlist-before_add_to_cart"},"acf":[],"yoast_head":"<!-- This site is optimized with the Yoast SEO plugin v27.4 - https:\/\/yoast.com\/product\/yoast-seo-wordpress\/ -->\n<title>Flan Vanille Artisanal \u2013 Cr\u00e9meux et Savoureux<\/title>\n<meta name=\"description\" content=\"Flan vanille artisanal cr\u00e9meux, recette maison \u00e0 la vanille bourbon. Livraison ou retrait \u00e0 Pau et \u00e0 Bayonne. Le go\u00fbt de l\u2019authentique. Par AurelSweet.\" \/>\n<meta name=\"robots\" content=\"index, follow, max-snippet:-1, max-image-preview:large, max-video-preview:-1\" \/>\n<link rel=\"canonical\" href=\"https:\/\/aurel-sweet.com\/index.php\/produit\/flan-vanille-artisanal\/\" \/>\n<meta property=\"og:locale\" content=\"fr_FR\" \/>\n<meta property=\"og:type\" content=\"article\" \/>\n<meta property=\"og:title\" content=\"Flan Vanille Artisanal \u2013 Cr\u00e9meux et Savoureux\" \/>\n<meta property=\"og:description\" content=\"Flan vanille artisanal cr\u00e9meux, recette maison \u00e0 la vanille bourbon. Livraison ou retrait \u00e0 Pau et \u00e0 Bayonne. Le go\u00fbt de l\u2019authentique. Par AurelSweet.\" \/>\n<meta property=\"og:url\" content=\"https:\/\/aurel-sweet.com\/index.php\/produit\/flan-vanille-artisanal\/\" \/>\n<meta property=\"og:site_name\" content=\"Aurel Sweet - Patisserie sur mesure\" \/>\n<meta property=\"article:modified_time\" content=\"2026-03-03T10:19:26+00:00\" \/>\n<meta property=\"og:image\" content=\"https:\/\/aurel-sweet.com\/wp-content\/uploads\/2025\/11\/image00189-scaled.jpeg\" \/>\n\t<meta property=\"og:image:width\" content=\"1920\" \/>\n\t<meta property=\"og:image:height\" content=\"2560\" \/>\n\t<meta property=\"og:image:type\" content=\"image\/jpeg\" \/>\n<meta name=\"twitter:card\" content=\"summary_large_image\" \/>\n<meta name=\"twitter:label1\" content=\"Dur\u00e9e de lecture estim\u00e9e\" \/>\n\t<meta name=\"twitter:data1\" content=\"1 minute\" \/>\n<script type=\"application\/ld+json\" class=\"yoast-schema-graph\">{\"@context\":\"https:\\\/\\\/schema.org\",\"@graph\":[{\"@type\":\"WebPage\",\"@id\":\"https:\\\/\\\/aurel-sweet.com\\\/index.php\\\/produit\\\/flan-vanille-artisanal\\\/\",\"url\":\"https:\\\/\\\/aurel-sweet.com\\\/index.php\\\/produit\\\/flan-vanille-artisanal\\\/\",\"name\":\"Flan Vanille Artisanal \u2013 Cr\u00e9meux et Savoureux\",\"isPartOf\":{\"@id\":\"https:\\\/\\\/aurel-sweet.com\\\/#website\"},\"primaryImageOfPage\":{\"@id\":\"https:\\\/\\\/aurel-sweet.com\\\/index.php\\\/produit\\\/flan-vanille-artisanal\\\/#primaryimage\"},\"image\":{\"@id\":\"https:\\\/\\\/aurel-sweet.com\\\/index.php\\\/produit\\\/flan-vanille-artisanal\\\/#primaryimage\"},\"thumbnailUrl\":\"https:\\\/\\\/aurel-sweet.com\\\/wp-content\\\/uploads\\\/2025\\\/11\\\/image00189-scaled.jpeg\",\"datePublished\":\"2025-11-17T07:23:14+00:00\",\"dateModified\":\"2026-03-03T10:19:26+00:00\",\"description\":\"Flan vanille artisanal cr\u00e9meux, recette maison \u00e0 la vanille bourbon. Livraison ou retrait \u00e0 Pau et \u00e0 Bayonne. Le go\u00fbt de l\u2019authentique. Par AurelSweet.\",\"breadcrumb\":{\"@id\":\"https:\\\/\\\/aurel-sweet.com\\\/index.php\\\/produit\\\/flan-vanille-artisanal\\\/#breadcrumb\"},\"inLanguage\":\"fr-FR\",\"potentialAction\":[{\"@type\":\"ReadAction\",\"target\":[\"https:\\\/\\\/aurel-sweet.com\\\/index.php\\\/produit\\\/flan-vanille-artisanal\\\/\"]}]},{\"@type\":\"ImageObject\",\"inLanguage\":\"fr-FR\",\"@id\":\"https:\\\/\\\/aurel-sweet.com\\\/index.php\\\/produit\\\/flan-vanille-artisanal\\\/#primaryimage\",\"url\":\"https:\\\/\\\/aurel-sweet.com\\\/wp-content\\\/uploads\\\/2025\\\/11\\\/image00189-scaled.jpeg\",\"contentUrl\":\"https:\\\/\\\/aurel-sweet.com\\\/wp-content\\\/uploads\\\/2025\\\/11\\\/image00189-scaled.jpeg\",\"width\":1920,\"height\":2560},{\"@type\":\"BreadcrumbList\",\"@id\":\"https:\\\/\\\/aurel-sweet.com\\\/index.php\\\/produit\\\/flan-vanille-artisanal\\\/#breadcrumb\",\"itemListElement\":[{\"@type\":\"ListItem\",\"position\":1,\"name\":\"Accueil\",\"item\":\"https:\\\/\\\/aurel-sweet.com\\\/\"},{\"@type\":\"ListItem\",\"position\":2,\"name\":\"La carte\",\"item\":\"https:\\\/\\\/aurel-sweet.com\\\/index.php\\\/la-carte\\\/\"},{\"@type\":\"ListItem\",\"position\":3,\"name\":\"Flan vanille artisanal 6parts\"}]},{\"@type\":\"WebSite\",\"@id\":\"https:\\\/\\\/aurel-sweet.com\\\/#website\",\"url\":\"https:\\\/\\\/aurel-sweet.com\\\/\",\"name\":\"Aurel Sweet\",\"description\":\"Lorsque l&#039;exigence se marie avec la gourmandise \u00e0 la Fran\u00e7aise\",\"publisher\":{\"@id\":\"https:\\\/\\\/aurel-sweet.com\\\/#organization\"},\"potentialAction\":[{\"@type\":\"SearchAction\",\"target\":{\"@type\":\"EntryPoint\",\"urlTemplate\":\"https:\\\/\\\/aurel-sweet.com\\\/?s={search_term_string}\"},\"query-input\":{\"@type\":\"PropertyValueSpecification\",\"valueRequired\":true,\"valueName\":\"search_term_string\"}}],\"inLanguage\":\"fr-FR\"},{\"@type\":\"Organization\",\"@id\":\"https:\\\/\\\/aurel-sweet.com\\\/#organization\",\"name\":\"Aurel Sweet\",\"url\":\"https:\\\/\\\/aurel-sweet.com\\\/\",\"logo\":{\"@type\":\"ImageObject\",\"inLanguage\":\"fr-FR\",\"@id\":\"https:\\\/\\\/aurel-sweet.com\\\/#\\\/schema\\\/logo\\\/image\\\/\",\"url\":\"https:\\\/\\\/aurel-sweet.com\\\/wp-content\\\/uploads\\\/2025\\\/09\\\/favicon-bordeaux.webp\",\"contentUrl\":\"https:\\\/\\\/aurel-sweet.com\\\/wp-content\\\/uploads\\\/2025\\\/09\\\/favicon-bordeaux.webp\",\"width\":500,\"height\":500,\"caption\":\"Aurel Sweet\"},\"image\":{\"@id\":\"https:\\\/\\\/aurel-sweet.com\\\/#\\\/schema\\\/logo\\\/image\\\/\"}}]}<\/script>\n<!-- \/ Yoast SEO plugin. -->","yoast_head_json":{"title":"Flan Vanille Artisanal \u2013 Cr\u00e9meux et Savoureux","description":"Flan vanille artisanal cr\u00e9meux, recette maison \u00e0 la vanille bourbon. Livraison ou retrait \u00e0 Pau et \u00e0 Bayonne. Le go\u00fbt de l\u2019authentique. Par AurelSweet.","robots":{"index":"index","follow":"follow","max-snippet":"max-snippet:-1","max-image-preview":"max-image-preview:large","max-video-preview":"max-video-preview:-1"},"canonical":"https:\/\/aurel-sweet.com\/index.php\/produit\/flan-vanille-artisanal\/","og_locale":"fr_FR","og_type":"article","og_title":"Flan Vanille Artisanal \u2013 Cr\u00e9meux et Savoureux","og_description":"Flan vanille artisanal cr\u00e9meux, recette maison \u00e0 la vanille bourbon. Livraison ou retrait \u00e0 Pau et \u00e0 Bayonne. Le go\u00fbt de l\u2019authentique. Par AurelSweet.","og_url":"https:\/\/aurel-sweet.com\/index.php\/produit\/flan-vanille-artisanal\/","og_site_name":"Aurel Sweet - Patisserie sur mesure","article_modified_time":"2026-03-03T10:19:26+00:00","og_image":[{"width":1920,"height":2560,"url":"https:\/\/aurel-sweet.com\/wp-content\/uploads\/2025\/11\/image00189-scaled.jpeg","type":"image\/jpeg"}],"twitter_card":"summary_large_image","twitter_misc":{"Dur\u00e9e de lecture estim\u00e9e":"1 minute"},"schema":{"@context":"https:\/\/schema.org","@graph":[{"@type":"WebPage","@id":"https:\/\/aurel-sweet.com\/index.php\/produit\/flan-vanille-artisanal\/","url":"https:\/\/aurel-sweet.com\/index.php\/produit\/flan-vanille-artisanal\/","name":"Flan Vanille Artisanal \u2013 Cr\u00e9meux et Savoureux","isPartOf":{"@id":"https:\/\/aurel-sweet.com\/#website"},"primaryImageOfPage":{"@id":"https:\/\/aurel-sweet.com\/index.php\/produit\/flan-vanille-artisanal\/#primaryimage"},"image":{"@id":"https:\/\/aurel-sweet.com\/index.php\/produit\/flan-vanille-artisanal\/#primaryimage"},"thumbnailUrl":"https:\/\/aurel-sweet.com\/wp-content\/uploads\/2025\/11\/image00189-scaled.jpeg","datePublished":"2025-11-17T07:23:14+00:00","dateModified":"2026-03-03T10:19:26+00:00","description":"Flan vanille artisanal cr\u00e9meux, recette maison \u00e0 la vanille bourbon. Livraison ou retrait \u00e0 Pau et \u00e0 Bayonne. Le go\u00fbt de l\u2019authentique. Par AurelSweet.","breadcrumb":{"@id":"https:\/\/aurel-sweet.com\/index.php\/produit\/flan-vanille-artisanal\/#breadcrumb"},"inLanguage":"fr-FR","potentialAction":[{"@type":"ReadAction","target":["https:\/\/aurel-sweet.com\/index.php\/produit\/flan-vanille-artisanal\/"]}]},{"@type":"ImageObject","inLanguage":"fr-FR","@id":"https:\/\/aurel-sweet.com\/index.php\/produit\/flan-vanille-artisanal\/#primaryimage","url":"https:\/\/aurel-sweet.com\/wp-content\/uploads\/2025\/11\/image00189-scaled.jpeg","contentUrl":"https:\/\/aurel-sweet.com\/wp-content\/uploads\/2025\/11\/image00189-scaled.jpeg","width":1920,"height":2560},{"@type":"BreadcrumbList","@id":"https:\/\/aurel-sweet.com\/index.php\/produit\/flan-vanille-artisanal\/#breadcrumb","itemListElement":[{"@type":"ListItem","position":1,"name":"Accueil","item":"https:\/\/aurel-sweet.com\/"},{"@type":"ListItem","position":2,"name":"La carte","item":"https:\/\/aurel-sweet.com\/index.php\/la-carte\/"},{"@type":"ListItem","position":3,"name":"Flan vanille artisanal 6parts"}]},{"@type":"WebSite","@id":"https:\/\/aurel-sweet.com\/#website","url":"https:\/\/aurel-sweet.com\/","name":"Aurel Sweet","description":"Lorsque l&#039;exigence se marie avec la gourmandise \u00e0 la Fran\u00e7aise","publisher":{"@id":"https:\/\/aurel-sweet.com\/#organization"},"potentialAction":[{"@type":"SearchAction","target":{"@type":"EntryPoint","urlTemplate":"https:\/\/aurel-sweet.com\/?s={search_term_string}"},"query-input":{"@type":"PropertyValueSpecification","valueRequired":true,"valueName":"search_term_string"}}],"inLanguage":"fr-FR"},{"@type":"Organization","@id":"https:\/\/aurel-sweet.com\/#organization","name":"Aurel Sweet","url":"https:\/\/aurel-sweet.com\/","logo":{"@type":"ImageObject","inLanguage":"fr-FR","@id":"https:\/\/aurel-sweet.com\/#\/schema\/logo\/image\/","url":"https:\/\/aurel-sweet.com\/wp-content\/uploads\/2025\/09\/favicon-bordeaux.webp","contentUrl":"https:\/\/aurel-sweet.com\/wp-content\/uploads\/2025\/09\/favicon-bordeaux.webp","width":500,"height":500,"caption":"Aurel Sweet"},"image":{"@id":"https:\/\/aurel-sweet.com\/#\/schema\/logo\/image\/"}}]}},"_links":{"self":[{"href":"https:\/\/aurel-sweet.com\/index.php\/wp-json\/wp\/v2\/product\/333","targetHints":{"allow":["GET"]}}],"collection":[{"href":"https:\/\/aurel-sweet.com\/index.php\/wp-json\/wp\/v2\/product"}],"about":[{"href":"https:\/\/aurel-sweet.com\/index.php\/wp-json\/wp\/v2\/types\/product"}],"replies":[{"embeddable":true,"href":"https:\/\/aurel-sweet.com\/index.php\/wp-json\/wp\/v2\/comments?post=333"}],"wp:featuredmedia":[{"embeddable":true,"href":"https:\/\/aurel-sweet.com\/index.php\/wp-json\/wp\/v2\/media\/324"}],"wp:attachment":[{"href":"https:\/\/aurel-sweet.com\/index.php\/wp-json\/wp\/v2\/media?parent=333"}],"wp:term":[{"taxonomy":"product_brand","embeddable":true,"href":"https:\/\/aurel-sweet.com\/index.php\/wp-json\/wp\/v2\/product_brand?post=333"},{"taxonomy":"product_cat","embeddable":true,"href":"https:\/\/aurel-sweet.com\/index.php\/wp-json\/wp\/v2\/product_cat?post=333"},{"taxonomy":"product_tag","embeddable":true,"href":"https:\/\/aurel-sweet.com\/index.php\/wp-json\/wp\/v2\/product_tag?post=333"}],"curies":[{"name":"wp","href":"https:\/\/api.w.org\/{rel}","templated":true}]}}