{"id":334,"date":"2025-11-17T07:26:42","date_gmt":"2025-11-17T07:26:42","guid":{"rendered":"https:\/\/aurel-sweet.com\/?post_type=product&#038;p=334"},"modified":"2025-12-01T08:09:52","modified_gmt":"2025-12-01T08:09:52","slug":"moka-cafe-artisanal","status":"publish","type":"product","link":"https:\/\/aurel-sweet.com\/index.php\/produit\/moka-cafe-artisanal\/","title":{"rendered":"Moka Amaretto"},"content":{"rendered":"<p data-start=\"2833\" data-end=\"3007\">Une g\u00e9noise l\u00e9g\u00e8re imbib\u00e9e \u00e0 l\u2019Amaretto, un parfum enivrant de caf\u00e9 dans une mousse soyeuse\u2026 Le Moka Amaretto r\u00e9invente le dessert des grands soirs avec finesse et caract\u00e8re.<\/p>\n<p data-start=\"3009\" data-end=\"3152\">Notre chef p\u00e2tissier assemble chaque \u00e9tage avec la <strong data-start=\"3060\" data-end=\"3098\">patience et la pr\u00e9cision du m\u00e9tier<\/strong>, pour une harmonie totale des textures et des ar\u00f4mes.<\/p>\n<p data-start=\"3154\" data-end=\"3276\">\ud83d\udce6 Livraison disponible pour vos moments d\u2019exception : anniversaire, d\u00eener raffin\u00e9 ou simple envie de se faire du bien !<\/p>\n","protected":false},"excerpt":{"rendered":"<p data-start=\"2906\" data-end=\"3136\">Une g\u00e9noise l\u00e9g\u00e8re imbib\u00e9e d\u2019Amaretto, une mousse caf\u00e9 gourmande et raffin\u00e9e\u2026 Le Moka Amaretto revisite un grand classique avec style.<br data-start=\"3067\" data-end=\"3070\" \/>Un dessert id\u00e9al pour les amateurs de caf\u00e9 et les palais \u00e9l\u00e9gants.<\/p>\n<p data-start=\"2906\" data-end=\"3136\">Allerg\u00e8nes :<\/p>\n<p data-start=\"2906\" data-end=\"3136\">gluten , \u0153uf , lactose, fruit \u00e0 coque<\/p>\n","protected":false},"featured_media":325,"comment_status":"open","ping_status":"closed","template":"","meta":{"_acf_changed":false,"_et_pb_use_builder":"","_et_pb_old_content":"","_et_gb_content_width":""},"product_brand":[],"product_cat":[52,23],"product_tag":[36,34,21,35],"class_list":{"0":"post-334","1":"product","2":"type-product","3":"status-publish","4":"has-post-thumbnail","6":"product_cat-a-lannee","7":"product_cat-creations-signature","8":"product_tag-amaretto","9":"product_tag-cafe","10":"product_tag-gourmand","11":"product_tag-moka","13":"first","14":"instock","15":"shipping-taxable","16":"purchasable","17":"product-type-simple","18":"add-to-wishlist-before_add_to_cart"},"acf":[],"yoast_head":"<!-- This site is optimized with the Yoast SEO plugin v27.4 - https:\/\/yoast.com\/product\/yoast-seo-wordpress\/ -->\n<title>Moka Caf\u00e9 Artisanal \u2013 G\u00e9noise Amaretto &amp; Mousse Caf\u00e9<\/title>\n<meta name=\"description\" content=\"Moka caf\u00e9 artisanal : g\u00e9noise imbib\u00e9e \u00e0 l\u2019Amaretto, mousse caf\u00e9 l\u00e9g\u00e8re. Dessert raffin\u00e9 livr\u00e9 ou \u00e0 retirer \u00e0 Bayonne et \u00e0 Pau. Par AurelSweet.\" \/>\n<meta name=\"robots\" content=\"index, follow, max-snippet:-1, max-image-preview:large, max-video-preview:-1\" \/>\n<link rel=\"canonical\" href=\"https:\/\/aurel-sweet.com\/index.php\/produit\/moka-cafe-artisanal\/\" \/>\n<meta property=\"og:locale\" content=\"fr_FR\" \/>\n<meta property=\"og:type\" content=\"article\" \/>\n<meta property=\"og:title\" content=\"Moka Caf\u00e9 Artisanal \u2013 G\u00e9noise Amaretto &amp; Mousse Caf\u00e9\" \/>\n<meta property=\"og:description\" content=\"Moka caf\u00e9 artisanal : g\u00e9noise imbib\u00e9e \u00e0 l\u2019Amaretto, mousse caf\u00e9 l\u00e9g\u00e8re. Dessert raffin\u00e9 livr\u00e9 ou \u00e0 retirer \u00e0 Bayonne et \u00e0 Pau. Par AurelSweet.\" \/>\n<meta property=\"og:url\" content=\"https:\/\/aurel-sweet.com\/index.php\/produit\/moka-cafe-artisanal\/\" \/>\n<meta property=\"og:site_name\" content=\"Aurel Sweet - Patisserie sur mesure\" \/>\n<meta property=\"article:modified_time\" content=\"2025-12-01T08:09:52+00:00\" \/>\n<meta property=\"og:image\" content=\"https:\/\/aurel-sweet.com\/wp-content\/uploads\/2025\/11\/image00190-scaled.jpeg\" \/>\n\t<meta property=\"og:image:width\" content=\"1887\" \/>\n\t<meta property=\"og:image:height\" content=\"2560\" \/>\n\t<meta property=\"og:image:type\" content=\"image\/jpeg\" \/>\n<meta name=\"twitter:card\" content=\"summary_large_image\" \/>\n<meta name=\"twitter:label1\" content=\"Dur\u00e9e de lecture estim\u00e9e\" \/>\n\t<meta name=\"twitter:data1\" content=\"1 minute\" \/>\n<script type=\"application\/ld+json\" class=\"yoast-schema-graph\">{\"@context\":\"https:\\\/\\\/schema.org\",\"@graph\":[{\"@type\":\"WebPage\",\"@id\":\"https:\\\/\\\/aurel-sweet.com\\\/index.php\\\/produit\\\/moka-cafe-artisanal\\\/\",\"url\":\"https:\\\/\\\/aurel-sweet.com\\\/index.php\\\/produit\\\/moka-cafe-artisanal\\\/\",\"name\":\"Moka Caf\u00e9 Artisanal \u2013 G\u00e9noise Amaretto & Mousse Caf\u00e9\",\"isPartOf\":{\"@id\":\"https:\\\/\\\/aurel-sweet.com\\\/#website\"},\"primaryImageOfPage\":{\"@id\":\"https:\\\/\\\/aurel-sweet.com\\\/index.php\\\/produit\\\/moka-cafe-artisanal\\\/#primaryimage\"},\"image\":{\"@id\":\"https:\\\/\\\/aurel-sweet.com\\\/index.php\\\/produit\\\/moka-cafe-artisanal\\\/#primaryimage\"},\"thumbnailUrl\":\"https:\\\/\\\/aurel-sweet.com\\\/wp-content\\\/uploads\\\/2025\\\/11\\\/image00190-scaled.jpeg\",\"datePublished\":\"2025-11-17T07:26:42+00:00\",\"dateModified\":\"2025-12-01T08:09:52+00:00\",\"description\":\"Moka caf\u00e9 artisanal : g\u00e9noise imbib\u00e9e \u00e0 l\u2019Amaretto, mousse caf\u00e9 l\u00e9g\u00e8re. Dessert raffin\u00e9 livr\u00e9 ou \u00e0 retirer \u00e0 Bayonne et \u00e0 Pau. Par AurelSweet.\",\"breadcrumb\":{\"@id\":\"https:\\\/\\\/aurel-sweet.com\\\/index.php\\\/produit\\\/moka-cafe-artisanal\\\/#breadcrumb\"},\"inLanguage\":\"fr-FR\",\"potentialAction\":[{\"@type\":\"ReadAction\",\"target\":[\"https:\\\/\\\/aurel-sweet.com\\\/index.php\\\/produit\\\/moka-cafe-artisanal\\\/\"]}]},{\"@type\":\"ImageObject\",\"inLanguage\":\"fr-FR\",\"@id\":\"https:\\\/\\\/aurel-sweet.com\\\/index.php\\\/produit\\\/moka-cafe-artisanal\\\/#primaryimage\",\"url\":\"https:\\\/\\\/aurel-sweet.com\\\/wp-content\\\/uploads\\\/2025\\\/11\\\/image00190-scaled.jpeg\",\"contentUrl\":\"https:\\\/\\\/aurel-sweet.com\\\/wp-content\\\/uploads\\\/2025\\\/11\\\/image00190-scaled.jpeg\",\"width\":1887,\"height\":2560},{\"@type\":\"BreadcrumbList\",\"@id\":\"https:\\\/\\\/aurel-sweet.com\\\/index.php\\\/produit\\\/moka-cafe-artisanal\\\/#breadcrumb\",\"itemListElement\":[{\"@type\":\"ListItem\",\"position\":1,\"name\":\"Accueil\",\"item\":\"https:\\\/\\\/aurel-sweet.com\\\/\"},{\"@type\":\"ListItem\",\"position\":2,\"name\":\"La carte\",\"item\":\"https:\\\/\\\/aurel-sweet.com\\\/index.php\\\/la-carte\\\/\"},{\"@type\":\"ListItem\",\"position\":3,\"name\":\"Moka Amaretto\"}]},{\"@type\":\"WebSite\",\"@id\":\"https:\\\/\\\/aurel-sweet.com\\\/#website\",\"url\":\"https:\\\/\\\/aurel-sweet.com\\\/\",\"name\":\"Aurel Sweet\",\"description\":\"Lorsque l&#039;exigence se marie avec la gourmandise \u00e0 la Fran\u00e7aise\",\"publisher\":{\"@id\":\"https:\\\/\\\/aurel-sweet.com\\\/#organization\"},\"potentialAction\":[{\"@type\":\"SearchAction\",\"target\":{\"@type\":\"EntryPoint\",\"urlTemplate\":\"https:\\\/\\\/aurel-sweet.com\\\/?s={search_term_string}\"},\"query-input\":{\"@type\":\"PropertyValueSpecification\",\"valueRequired\":true,\"valueName\":\"search_term_string\"}}],\"inLanguage\":\"fr-FR\"},{\"@type\":\"Organization\",\"@id\":\"https:\\\/\\\/aurel-sweet.com\\\/#organization\",\"name\":\"Aurel Sweet\",\"url\":\"https:\\\/\\\/aurel-sweet.com\\\/\",\"logo\":{\"@type\":\"ImageObject\",\"inLanguage\":\"fr-FR\",\"@id\":\"https:\\\/\\\/aurel-sweet.com\\\/#\\\/schema\\\/logo\\\/image\\\/\",\"url\":\"https:\\\/\\\/aurel-sweet.com\\\/wp-content\\\/uploads\\\/2025\\\/09\\\/favicon-bordeaux.webp\",\"contentUrl\":\"https:\\\/\\\/aurel-sweet.com\\\/wp-content\\\/uploads\\\/2025\\\/09\\\/favicon-bordeaux.webp\",\"width\":500,\"height\":500,\"caption\":\"Aurel Sweet\"},\"image\":{\"@id\":\"https:\\\/\\\/aurel-sweet.com\\\/#\\\/schema\\\/logo\\\/image\\\/\"}}]}<\/script>\n<!-- \/ Yoast SEO plugin. -->","yoast_head_json":{"title":"Moka Caf\u00e9 Artisanal \u2013 G\u00e9noise Amaretto & Mousse Caf\u00e9","description":"Moka caf\u00e9 artisanal : g\u00e9noise imbib\u00e9e \u00e0 l\u2019Amaretto, mousse caf\u00e9 l\u00e9g\u00e8re. Dessert raffin\u00e9 livr\u00e9 ou \u00e0 retirer \u00e0 Bayonne et \u00e0 Pau. Par AurelSweet.","robots":{"index":"index","follow":"follow","max-snippet":"max-snippet:-1","max-image-preview":"max-image-preview:large","max-video-preview":"max-video-preview:-1"},"canonical":"https:\/\/aurel-sweet.com\/index.php\/produit\/moka-cafe-artisanal\/","og_locale":"fr_FR","og_type":"article","og_title":"Moka Caf\u00e9 Artisanal \u2013 G\u00e9noise Amaretto & Mousse Caf\u00e9","og_description":"Moka caf\u00e9 artisanal : g\u00e9noise imbib\u00e9e \u00e0 l\u2019Amaretto, mousse caf\u00e9 l\u00e9g\u00e8re. Dessert raffin\u00e9 livr\u00e9 ou \u00e0 retirer \u00e0 Bayonne et \u00e0 Pau. Par AurelSweet.","og_url":"https:\/\/aurel-sweet.com\/index.php\/produit\/moka-cafe-artisanal\/","og_site_name":"Aurel Sweet - Patisserie sur mesure","article_modified_time":"2025-12-01T08:09:52+00:00","og_image":[{"width":1887,"height":2560,"url":"https:\/\/aurel-sweet.com\/wp-content\/uploads\/2025\/11\/image00190-scaled.jpeg","type":"image\/jpeg"}],"twitter_card":"summary_large_image","twitter_misc":{"Dur\u00e9e de lecture estim\u00e9e":"1 minute"},"schema":{"@context":"https:\/\/schema.org","@graph":[{"@type":"WebPage","@id":"https:\/\/aurel-sweet.com\/index.php\/produit\/moka-cafe-artisanal\/","url":"https:\/\/aurel-sweet.com\/index.php\/produit\/moka-cafe-artisanal\/","name":"Moka Caf\u00e9 Artisanal \u2013 G\u00e9noise Amaretto & Mousse Caf\u00e9","isPartOf":{"@id":"https:\/\/aurel-sweet.com\/#website"},"primaryImageOfPage":{"@id":"https:\/\/aurel-sweet.com\/index.php\/produit\/moka-cafe-artisanal\/#primaryimage"},"image":{"@id":"https:\/\/aurel-sweet.com\/index.php\/produit\/moka-cafe-artisanal\/#primaryimage"},"thumbnailUrl":"https:\/\/aurel-sweet.com\/wp-content\/uploads\/2025\/11\/image00190-scaled.jpeg","datePublished":"2025-11-17T07:26:42+00:00","dateModified":"2025-12-01T08:09:52+00:00","description":"Moka caf\u00e9 artisanal : g\u00e9noise imbib\u00e9e \u00e0 l\u2019Amaretto, mousse caf\u00e9 l\u00e9g\u00e8re. Dessert raffin\u00e9 livr\u00e9 ou \u00e0 retirer \u00e0 Bayonne et \u00e0 Pau. Par AurelSweet.","breadcrumb":{"@id":"https:\/\/aurel-sweet.com\/index.php\/produit\/moka-cafe-artisanal\/#breadcrumb"},"inLanguage":"fr-FR","potentialAction":[{"@type":"ReadAction","target":["https:\/\/aurel-sweet.com\/index.php\/produit\/moka-cafe-artisanal\/"]}]},{"@type":"ImageObject","inLanguage":"fr-FR","@id":"https:\/\/aurel-sweet.com\/index.php\/produit\/moka-cafe-artisanal\/#primaryimage","url":"https:\/\/aurel-sweet.com\/wp-content\/uploads\/2025\/11\/image00190-scaled.jpeg","contentUrl":"https:\/\/aurel-sweet.com\/wp-content\/uploads\/2025\/11\/image00190-scaled.jpeg","width":1887,"height":2560},{"@type":"BreadcrumbList","@id":"https:\/\/aurel-sweet.com\/index.php\/produit\/moka-cafe-artisanal\/#breadcrumb","itemListElement":[{"@type":"ListItem","position":1,"name":"Accueil","item":"https:\/\/aurel-sweet.com\/"},{"@type":"ListItem","position":2,"name":"La carte","item":"https:\/\/aurel-sweet.com\/index.php\/la-carte\/"},{"@type":"ListItem","position":3,"name":"Moka Amaretto"}]},{"@type":"WebSite","@id":"https:\/\/aurel-sweet.com\/#website","url":"https:\/\/aurel-sweet.com\/","name":"Aurel Sweet","description":"Lorsque l&#039;exigence se marie avec la gourmandise \u00e0 la Fran\u00e7aise","publisher":{"@id":"https:\/\/aurel-sweet.com\/#organization"},"potentialAction":[{"@type":"SearchAction","target":{"@type":"EntryPoint","urlTemplate":"https:\/\/aurel-sweet.com\/?s={search_term_string}"},"query-input":{"@type":"PropertyValueSpecification","valueRequired":true,"valueName":"search_term_string"}}],"inLanguage":"fr-FR"},{"@type":"Organization","@id":"https:\/\/aurel-sweet.com\/#organization","name":"Aurel Sweet","url":"https:\/\/aurel-sweet.com\/","logo":{"@type":"ImageObject","inLanguage":"fr-FR","@id":"https:\/\/aurel-sweet.com\/#\/schema\/logo\/image\/","url":"https:\/\/aurel-sweet.com\/wp-content\/uploads\/2025\/09\/favicon-bordeaux.webp","contentUrl":"https:\/\/aurel-sweet.com\/wp-content\/uploads\/2025\/09\/favicon-bordeaux.webp","width":500,"height":500,"caption":"Aurel Sweet"},"image":{"@id":"https:\/\/aurel-sweet.com\/#\/schema\/logo\/image\/"}}]}},"_links":{"self":[{"href":"https:\/\/aurel-sweet.com\/index.php\/wp-json\/wp\/v2\/product\/334","targetHints":{"allow":["GET"]}}],"collection":[{"href":"https:\/\/aurel-sweet.com\/index.php\/wp-json\/wp\/v2\/product"}],"about":[{"href":"https:\/\/aurel-sweet.com\/index.php\/wp-json\/wp\/v2\/types\/product"}],"replies":[{"embeddable":true,"href":"https:\/\/aurel-sweet.com\/index.php\/wp-json\/wp\/v2\/comments?post=334"}],"wp:featuredmedia":[{"embeddable":true,"href":"https:\/\/aurel-sweet.com\/index.php\/wp-json\/wp\/v2\/media\/325"}],"wp:attachment":[{"href":"https:\/\/aurel-sweet.com\/index.php\/wp-json\/wp\/v2\/media?parent=334"}],"wp:term":[{"taxonomy":"product_brand","embeddable":true,"href":"https:\/\/aurel-sweet.com\/index.php\/wp-json\/wp\/v2\/product_brand?post=334"},{"taxonomy":"product_cat","embeddable":true,"href":"https:\/\/aurel-sweet.com\/index.php\/wp-json\/wp\/v2\/product_cat?post=334"},{"taxonomy":"product_tag","embeddable":true,"href":"https:\/\/aurel-sweet.com\/index.php\/wp-json\/wp\/v2\/product_tag?post=334"}],"curies":[{"name":"wp","href":"https:\/\/api.w.org\/{rel}","templated":true}]}}