{"id":337,"date":"2025-11-17T07:37:20","date_gmt":"2025-11-17T07:37:20","guid":{"rendered":"https:\/\/aurel-sweet.com\/?post_type=product&#038;p=337"},"modified":"2025-12-24T23:12:45","modified_gmt":"2025-12-24T23:12:45","slug":"gateau-citron-basilic-artisanal","status":"publish","type":"product","link":"https:\/\/aurel-sweet.com\/index.php\/produit\/gateau-citron-basilic-artisanal\/","title":{"rendered":"Citron Vert Basilic \u2013 Le Rafra\u00eechissant"},"content":{"rendered":"<p data-start=\"3798\" data-end=\"3967\">Une mousse acidul\u00e9e au citron vert, un insert vif citron-basilic et une texture l\u00e9g\u00e8re qui fond d\u00e9licatement\u2026 Ce dessert joue sur la fra\u00eecheur, le parfum et la surprise.<\/p>\n<p data-start=\"3969\" data-end=\"4123\">Confectionn\u00e9 artisanalement dans notre atelier, ce g\u00e2teau est pens\u00e9 pour offrir <strong data-start=\"4049\" data-end=\"4069\">un \u00e9clat de peps<\/strong> en bouche, avec l\u2019\u00e9l\u00e9gance du savoir-faire p\u00e2tissier.<\/p>\n<p data-start=\"4125\" data-end=\"4199\">Parfait pour <strong data-start=\"4138\" data-end=\"4160\">\u00e9pater vos invit\u00e9s<\/strong>\u2026 ou vous faire plaisir sans raison !<\/p>\n","protected":false},"excerpt":{"rendered":"<p data-start=\"3933\" data-end=\"4172\">Sous sa mousse citron vert se cache un insert vif m\u00ealant acidit\u00e9 et parfum du basilic. Une alliance fra\u00eeche, l\u00e9g\u00e8re et terriblement d\u00e9salt\u00e9rante.<br data-start=\"4105\" data-end=\"4108\" \/>Le parfait dessert estival \u2014 mais que l\u2019on adore toute l\u2019ann\u00e9e !<\/p>\n<h4 data-start=\"3933\" data-end=\"4172\">Allerg\u00e8nes :<\/h4>\n<p data-start=\"3933\" data-end=\"4172\">Gluten, \u0153uf, lactose (option sans gluten)<\/p>\n","protected":false},"featured_media":329,"comment_status":"open","ping_status":"closed","template":"","meta":{"_acf_changed":false,"_et_pb_use_builder":"","_et_pb_old_content":"","_et_gb_content_width":""},"product_brand":[],"product_cat":[52,37,18,54],"product_tag":[46,44,43,45],"class_list":{"0":"post-337","1":"product","2":"type-product","3":"status-publish","4":"has-post-thumbnail","6":"product_cat-a-lannee","7":"product_cat-desserts-fruites","8":"product_cat-gateaux-traditionnels","9":"product_cat-gateau-sans-gluten","10":"product_tag-acidule","11":"product_tag-basilic","12":"product_tag-citron-vert","13":"product_tag-frais","15":"first","16":"instock","17":"shipping-taxable","18":"purchasable","19":"product-type-variable","20":"add-to-wishlist-before_add_to_cart"},"acf":[],"yoast_head":"<!-- This site is optimized with the Yoast SEO plugin v27.4 - https:\/\/yoast.com\/product\/yoast-seo-wordpress\/ -->\n<title>G\u00e2teau Citron Basilic Artisanal \u2013 Fra\u00eecheur Acidul\u00e9e<\/title>\n<meta name=\"description\" content=\"G\u00e2teau citron basilic artisanal : mousse citron vert, insert basilic, fra\u00eecheur et peps. Livraison possible \u00e0 Pau et retrait au labo de Bayonne. AurelSweet\" \/>\n<meta name=\"robots\" content=\"index, follow, max-snippet:-1, max-image-preview:large, max-video-preview:-1\" \/>\n<link rel=\"canonical\" href=\"https:\/\/aurel-sweet.com\/index.php\/produit\/gateau-citron-basilic-artisanal\/\" \/>\n<meta property=\"og:locale\" content=\"fr_FR\" \/>\n<meta property=\"og:type\" content=\"article\" \/>\n<meta property=\"og:title\" content=\"G\u00e2teau Citron Basilic Artisanal \u2013 Fra\u00eecheur Acidul\u00e9e\" \/>\n<meta property=\"og:description\" content=\"G\u00e2teau citron basilic artisanal : mousse citron vert, insert basilic, fra\u00eecheur et peps. Livraison possible \u00e0 Pau et retrait au labo de Bayonne. AurelSweet\" \/>\n<meta property=\"og:url\" content=\"https:\/\/aurel-sweet.com\/index.php\/produit\/gateau-citron-basilic-artisanal\/\" \/>\n<meta property=\"og:site_name\" content=\"Aurel Sweet - Patisserie sur mesure\" \/>\n<meta property=\"article:modified_time\" content=\"2025-12-24T23:12:45+00:00\" \/>\n<meta property=\"og:image\" content=\"https:\/\/aurel-sweet.com\/wp-content\/uploads\/2025\/11\/image00194-scaled.jpeg\" \/>\n\t<meta property=\"og:image:width\" content=\"2023\" \/>\n\t<meta property=\"og:image:height\" content=\"2560\" \/>\n\t<meta property=\"og:image:type\" content=\"image\/jpeg\" \/>\n<meta name=\"twitter:card\" content=\"summary_large_image\" \/>\n<meta name=\"twitter:label1\" content=\"Dur\u00e9e de lecture estim\u00e9e\" \/>\n\t<meta name=\"twitter:data1\" content=\"1 minute\" \/>\n<script type=\"application\/ld+json\" class=\"yoast-schema-graph\">{\"@context\":\"https:\\\/\\\/schema.org\",\"@graph\":[{\"@type\":\"WebPage\",\"@id\":\"https:\\\/\\\/aurel-sweet.com\\\/index.php\\\/produit\\\/gateau-citron-basilic-artisanal\\\/\",\"url\":\"https:\\\/\\\/aurel-sweet.com\\\/index.php\\\/produit\\\/gateau-citron-basilic-artisanal\\\/\",\"name\":\"G\u00e2teau Citron Basilic Artisanal \u2013 Fra\u00eecheur Acidul\u00e9e\",\"isPartOf\":{\"@id\":\"https:\\\/\\\/aurel-sweet.com\\\/#website\"},\"primaryImageOfPage\":{\"@id\":\"https:\\\/\\\/aurel-sweet.com\\\/index.php\\\/produit\\\/gateau-citron-basilic-artisanal\\\/#primaryimage\"},\"image\":{\"@id\":\"https:\\\/\\\/aurel-sweet.com\\\/index.php\\\/produit\\\/gateau-citron-basilic-artisanal\\\/#primaryimage\"},\"thumbnailUrl\":\"https:\\\/\\\/aurel-sweet.com\\\/wp-content\\\/uploads\\\/2025\\\/11\\\/image00194-scaled.jpeg\",\"datePublished\":\"2025-11-17T07:37:20+00:00\",\"dateModified\":\"2025-12-24T23:12:45+00:00\",\"description\":\"G\u00e2teau citron basilic artisanal : mousse citron vert, insert basilic, fra\u00eecheur et peps. Livraison possible \u00e0 Pau et retrait au labo de Bayonne. AurelSweet\",\"breadcrumb\":{\"@id\":\"https:\\\/\\\/aurel-sweet.com\\\/index.php\\\/produit\\\/gateau-citron-basilic-artisanal\\\/#breadcrumb\"},\"inLanguage\":\"fr-FR\",\"potentialAction\":[{\"@type\":\"ReadAction\",\"target\":[\"https:\\\/\\\/aurel-sweet.com\\\/index.php\\\/produit\\\/gateau-citron-basilic-artisanal\\\/\"]}]},{\"@type\":\"ImageObject\",\"inLanguage\":\"fr-FR\",\"@id\":\"https:\\\/\\\/aurel-sweet.com\\\/index.php\\\/produit\\\/gateau-citron-basilic-artisanal\\\/#primaryimage\",\"url\":\"https:\\\/\\\/aurel-sweet.com\\\/wp-content\\\/uploads\\\/2025\\\/11\\\/image00194-scaled.jpeg\",\"contentUrl\":\"https:\\\/\\\/aurel-sweet.com\\\/wp-content\\\/uploads\\\/2025\\\/11\\\/image00194-scaled.jpeg\",\"width\":2023,\"height\":2560,\"caption\":\"Gateau artisanal \u00e0 la vanille Pau\"},{\"@type\":\"BreadcrumbList\",\"@id\":\"https:\\\/\\\/aurel-sweet.com\\\/index.php\\\/produit\\\/gateau-citron-basilic-artisanal\\\/#breadcrumb\",\"itemListElement\":[{\"@type\":\"ListItem\",\"position\":1,\"name\":\"Accueil\",\"item\":\"https:\\\/\\\/aurel-sweet.com\\\/\"},{\"@type\":\"ListItem\",\"position\":2,\"name\":\"La carte\",\"item\":\"https:\\\/\\\/aurel-sweet.com\\\/index.php\\\/la-carte\\\/\"},{\"@type\":\"ListItem\",\"position\":3,\"name\":\"Citron Vert Basilic \u2013 Le Rafra\u00eechissant\"}]},{\"@type\":\"WebSite\",\"@id\":\"https:\\\/\\\/aurel-sweet.com\\\/#website\",\"url\":\"https:\\\/\\\/aurel-sweet.com\\\/\",\"name\":\"Aurel Sweet\",\"description\":\"Lorsque l&#039;exigence se marie avec la gourmandise \u00e0 la Fran\u00e7aise\",\"publisher\":{\"@id\":\"https:\\\/\\\/aurel-sweet.com\\\/#organization\"},\"potentialAction\":[{\"@type\":\"SearchAction\",\"target\":{\"@type\":\"EntryPoint\",\"urlTemplate\":\"https:\\\/\\\/aurel-sweet.com\\\/?s={search_term_string}\"},\"query-input\":{\"@type\":\"PropertyValueSpecification\",\"valueRequired\":true,\"valueName\":\"search_term_string\"}}],\"inLanguage\":\"fr-FR\"},{\"@type\":\"Organization\",\"@id\":\"https:\\\/\\\/aurel-sweet.com\\\/#organization\",\"name\":\"Aurel Sweet\",\"url\":\"https:\\\/\\\/aurel-sweet.com\\\/\",\"logo\":{\"@type\":\"ImageObject\",\"inLanguage\":\"fr-FR\",\"@id\":\"https:\\\/\\\/aurel-sweet.com\\\/#\\\/schema\\\/logo\\\/image\\\/\",\"url\":\"https:\\\/\\\/aurel-sweet.com\\\/wp-content\\\/uploads\\\/2025\\\/09\\\/favicon-bordeaux.webp\",\"contentUrl\":\"https:\\\/\\\/aurel-sweet.com\\\/wp-content\\\/uploads\\\/2025\\\/09\\\/favicon-bordeaux.webp\",\"width\":500,\"height\":500,\"caption\":\"Aurel Sweet\"},\"image\":{\"@id\":\"https:\\\/\\\/aurel-sweet.com\\\/#\\\/schema\\\/logo\\\/image\\\/\"}}]}<\/script>\n<!-- \/ Yoast SEO plugin. -->","yoast_head_json":{"title":"G\u00e2teau Citron Basilic Artisanal \u2013 Fra\u00eecheur Acidul\u00e9e","description":"G\u00e2teau citron basilic artisanal : mousse citron vert, insert basilic, fra\u00eecheur et peps. Livraison possible \u00e0 Pau et retrait au labo de Bayonne. AurelSweet","robots":{"index":"index","follow":"follow","max-snippet":"max-snippet:-1","max-image-preview":"max-image-preview:large","max-video-preview":"max-video-preview:-1"},"canonical":"https:\/\/aurel-sweet.com\/index.php\/produit\/gateau-citron-basilic-artisanal\/","og_locale":"fr_FR","og_type":"article","og_title":"G\u00e2teau Citron Basilic Artisanal \u2013 Fra\u00eecheur Acidul\u00e9e","og_description":"G\u00e2teau citron basilic artisanal : mousse citron vert, insert basilic, fra\u00eecheur et peps. Livraison possible \u00e0 Pau et retrait au labo de Bayonne. AurelSweet","og_url":"https:\/\/aurel-sweet.com\/index.php\/produit\/gateau-citron-basilic-artisanal\/","og_site_name":"Aurel Sweet - Patisserie sur mesure","article_modified_time":"2025-12-24T23:12:45+00:00","og_image":[{"width":2023,"height":2560,"url":"https:\/\/aurel-sweet.com\/wp-content\/uploads\/2025\/11\/image00194-scaled.jpeg","type":"image\/jpeg"}],"twitter_card":"summary_large_image","twitter_misc":{"Dur\u00e9e de lecture estim\u00e9e":"1 minute"},"schema":{"@context":"https:\/\/schema.org","@graph":[{"@type":"WebPage","@id":"https:\/\/aurel-sweet.com\/index.php\/produit\/gateau-citron-basilic-artisanal\/","url":"https:\/\/aurel-sweet.com\/index.php\/produit\/gateau-citron-basilic-artisanal\/","name":"G\u00e2teau Citron Basilic Artisanal \u2013 Fra\u00eecheur Acidul\u00e9e","isPartOf":{"@id":"https:\/\/aurel-sweet.com\/#website"},"primaryImageOfPage":{"@id":"https:\/\/aurel-sweet.com\/index.php\/produit\/gateau-citron-basilic-artisanal\/#primaryimage"},"image":{"@id":"https:\/\/aurel-sweet.com\/index.php\/produit\/gateau-citron-basilic-artisanal\/#primaryimage"},"thumbnailUrl":"https:\/\/aurel-sweet.com\/wp-content\/uploads\/2025\/11\/image00194-scaled.jpeg","datePublished":"2025-11-17T07:37:20+00:00","dateModified":"2025-12-24T23:12:45+00:00","description":"G\u00e2teau citron basilic artisanal : mousse citron vert, insert basilic, fra\u00eecheur et peps. Livraison possible \u00e0 Pau et retrait au labo de Bayonne. AurelSweet","breadcrumb":{"@id":"https:\/\/aurel-sweet.com\/index.php\/produit\/gateau-citron-basilic-artisanal\/#breadcrumb"},"inLanguage":"fr-FR","potentialAction":[{"@type":"ReadAction","target":["https:\/\/aurel-sweet.com\/index.php\/produit\/gateau-citron-basilic-artisanal\/"]}]},{"@type":"ImageObject","inLanguage":"fr-FR","@id":"https:\/\/aurel-sweet.com\/index.php\/produit\/gateau-citron-basilic-artisanal\/#primaryimage","url":"https:\/\/aurel-sweet.com\/wp-content\/uploads\/2025\/11\/image00194-scaled.jpeg","contentUrl":"https:\/\/aurel-sweet.com\/wp-content\/uploads\/2025\/11\/image00194-scaled.jpeg","width":2023,"height":2560,"caption":"Gateau artisanal \u00e0 la vanille Pau"},{"@type":"BreadcrumbList","@id":"https:\/\/aurel-sweet.com\/index.php\/produit\/gateau-citron-basilic-artisanal\/#breadcrumb","itemListElement":[{"@type":"ListItem","position":1,"name":"Accueil","item":"https:\/\/aurel-sweet.com\/"},{"@type":"ListItem","position":2,"name":"La carte","item":"https:\/\/aurel-sweet.com\/index.php\/la-carte\/"},{"@type":"ListItem","position":3,"name":"Citron Vert Basilic \u2013 Le Rafra\u00eechissant"}]},{"@type":"WebSite","@id":"https:\/\/aurel-sweet.com\/#website","url":"https:\/\/aurel-sweet.com\/","name":"Aurel Sweet","description":"Lorsque l&#039;exigence se marie avec la gourmandise \u00e0 la Fran\u00e7aise","publisher":{"@id":"https:\/\/aurel-sweet.com\/#organization"},"potentialAction":[{"@type":"SearchAction","target":{"@type":"EntryPoint","urlTemplate":"https:\/\/aurel-sweet.com\/?s={search_term_string}"},"query-input":{"@type":"PropertyValueSpecification","valueRequired":true,"valueName":"search_term_string"}}],"inLanguage":"fr-FR"},{"@type":"Organization","@id":"https:\/\/aurel-sweet.com\/#organization","name":"Aurel Sweet","url":"https:\/\/aurel-sweet.com\/","logo":{"@type":"ImageObject","inLanguage":"fr-FR","@id":"https:\/\/aurel-sweet.com\/#\/schema\/logo\/image\/","url":"https:\/\/aurel-sweet.com\/wp-content\/uploads\/2025\/09\/favicon-bordeaux.webp","contentUrl":"https:\/\/aurel-sweet.com\/wp-content\/uploads\/2025\/09\/favicon-bordeaux.webp","width":500,"height":500,"caption":"Aurel Sweet"},"image":{"@id":"https:\/\/aurel-sweet.com\/#\/schema\/logo\/image\/"}}]}},"_links":{"self":[{"href":"https:\/\/aurel-sweet.com\/index.php\/wp-json\/wp\/v2\/product\/337","targetHints":{"allow":["GET"]}}],"collection":[{"href":"https:\/\/aurel-sweet.com\/index.php\/wp-json\/wp\/v2\/product"}],"about":[{"href":"https:\/\/aurel-sweet.com\/index.php\/wp-json\/wp\/v2\/types\/product"}],"replies":[{"embeddable":true,"href":"https:\/\/aurel-sweet.com\/index.php\/wp-json\/wp\/v2\/comments?post=337"}],"wp:featuredmedia":[{"embeddable":true,"href":"https:\/\/aurel-sweet.com\/index.php\/wp-json\/wp\/v2\/media\/329"}],"wp:attachment":[{"href":"https:\/\/aurel-sweet.com\/index.php\/wp-json\/wp\/v2\/media?parent=337"}],"wp:term":[{"taxonomy":"product_brand","embeddable":true,"href":"https:\/\/aurel-sweet.com\/index.php\/wp-json\/wp\/v2\/product_brand?post=337"},{"taxonomy":"product_cat","embeddable":true,"href":"https:\/\/aurel-sweet.com\/index.php\/wp-json\/wp\/v2\/product_cat?post=337"},{"taxonomy":"product_tag","embeddable":true,"href":"https:\/\/aurel-sweet.com\/index.php\/wp-json\/wp\/v2\/product_tag?post=337"}],"curies":[{"name":"wp","href":"https:\/\/api.w.org\/{rel}","templated":true}]}}